{"id":5291,"date":"2018-04-05T10:15:44","date_gmt":"2018-04-05T08:15:44","guid":{"rendered":"http:\/\/fisioterapiafortedeimarmi.it\/?page_id=5291"},"modified":"2026-01-22T11:18:55","modified_gmt":"2026-01-22T10:18:55","slug":"termini-e-condizioni-duso","status":"publish","type":"page","link":"https:\/\/fisioterapiafortedeimarmi.it\/ru\/termini-e-condizioni-duso\/","title":{"rendered":"\u0443\u0441\u043b\u043e\u0432\u0438\u044f \u0438\u0441\u043f\u043e\u043b\u044c\u0437\u043e\u0432\u0430\u043d\u0438\u044f"},"content":{"rendered":"<h2><strong>\u0443\u0441\u043b\u043e\u0432\u0438\u044f \u0438\u0441\u043f\u043e\u043b\u044c\u0437\u043e\u0432\u0430\u043d\u0438\u044f<\/strong><\/h2>\n<p>\u0421\u043e\u0434\u0435\u0440\u0436\u0430\u043d\u0438\u0435 \u044d\u0442\u043e\u0433\u043e \u0441\u0430\u0439\u0442\u0430 (\u0442\u0435\u043a\u0441\u0442, \u0433\u0440\u0430\u0444\u0438\u043a\u0430, \u0438\u0437\u043e\u0431\u0440\u0430\u0436\u0435\u043d\u0438\u044f, \u0437\u0432\u0443\u043a\u0438, \u043f\u0440\u043e\u0433\u0440\u0430\u043c\u043c\u043d\u043e\u0435 \u043e\u0431\u0435\u0441\u043f\u0435\u0447\u0435\u043d\u0438\u0435, \u0441\u043f\u0438\u0441\u043a\u0438 \u0438 \u0431\u0430\u0437\u044b \u0434\u0430\u043d\u043d\u044b\u0445 \u0438 \u0442. \u0414.), \u0410 \u0442\u0430\u043a\u0436\u0435 \u0441\u043f\u043e\u0441\u043e\u0431 \u043f\u0440\u0435\u0434\u0441\u0442\u0430\u0432\u043b\u0435\u043d\u0438\u044f \u0438 \u0444\u043e\u0440\u043c\u0438\u0440\u043e\u0432\u0430\u043d\u0438\u044f \u0441\u043e\u0434\u0435\u0440\u0436\u0438\u043c\u043e\u0433\u043e \u044f\u0432\u043b\u044f\u044e\u0442\u0441\u044f \u0438\u0441\u043a\u043b\u044e\u0447\u0438\u0442\u0435\u043b\u044c\u043d\u043e\u0439 \u0441\u043e\u0431\u0441\u0442\u0432\u0435\u043d\u043d\u043e\u0441\u0442\u044c\u044e FISIOTERAPIA FORTE DEI MARMI SRL \u0438 \u0437\u0430\u0449\u0438\u0449\u0435\u043d\u044b \u043f\u043e \u0438\u0442\u0430\u043b\u044c\u044f\u043d\u0441\u043a\u0438\u043c \u0438 \u043c\u0435\u0436\u0434\u0443\u043d\u0430\u0440\u043e\u0434\u043d\u044b\u043c \u0437\u0430\u043a\u043e\u043d\u0430\u043c, \u0432 \u0447\u0430\u0441\u0442\u043d\u043e\u0441\u0442\u0438 \u043f\u043e \u0432\u043e\u043f\u0440\u043e\u0441\u0430\u043c \u0430\u0432\u0442\u043e\u0440\u0441\u043a\u043e\u0433\u043e \u043f\u0440\u0430\u0432\u0430.<\/p>\n<p>\u041f\u0440\u0430\u0432\u043e \u0441\u043e\u0431\u0441\u0442\u0432\u0435\u043d\u043d\u043e\u0441\u0442\u0438 \u043d\u0430 \u044d\u043a\u043e\u043d\u043e\u043c\u0438\u0447\u0435\u0441\u043a\u043e\u0435 \u0438\u0441\u043f\u043e\u043b\u044c\u0437\u043e\u0432\u0430\u043d\u0438\u0435 \u043f\u0440\u0438\u043d\u0430\u0434\u043b\u0435\u0436\u0438\u0442 FISIOTERAPIA FORTE DEI MARMI SRL<\/p>\n<p>\u0420\u0430\u0437\u0440\u0435\u0448\u0430\u0435\u0442\u0441\u044f \u043a\u043e\u043d\u0441\u0443\u043b\u044c\u0442\u0438\u0440\u043e\u0432\u0430\u0442\u044c\u0441\u044f \u0441 \u044d\u0442\u0438\u043c \u0441\u0430\u0439\u0442\u043e\u043c \u0438 \u0432\u043e\u0441\u043f\u0440\u043e\u0438\u0437\u0432\u043e\u0434\u0438\u0442\u044c \u0432\u044b\u0434\u0435\u0440\u0436\u043a\u0438 \u0441 \u043f\u043e\u043c\u043e\u0449\u044c\u044e \u043f\u0440\u0438\u043d\u0442\u0435\u0440\u0430, \u0437\u0430\u0433\u0440\u0443\u0436\u0430\u0442\u044c \u0434\u0430\u043d\u043d\u044b\u0435 \u043d\u0430 \u0436\u0435\u0441\u0442\u043a\u0438\u0439 \u0434\u0438\u0441\u043a \u0438 \u0440\u0430\u0441\u043f\u0440\u043e\u0441\u0442\u0440\u0430\u043d\u044f\u0442\u044c \u0438\u0445 \u0434\u0440\u0443\u0433\u0438\u043c \u043b\u044e\u0434\u044f\u043c, \u043d\u043e \u0432 \u043b\u044e\u0431\u043e\u043c \u0441\u043b\u0443\u0447\u0430\u0435 \u0432 \u0438\u043d\u0444\u043e\u0440\u043c\u0430\u0446\u0438\u043e\u043d\u043d\u044b\u0445 \u0446\u0435\u043b\u044f\u0445 \u0438 \u043f\u0440\u0438 \u0443\u0441\u043b\u043e\u0432\u0438\u0438, \u0447\u0442\u043e \u0432\u044b\u0448\u0435\u0443\u043f\u043e\u043c\u044f\u043d\u0443\u0442\u043e\u0435 \u0443\u0432\u0435\u0434\u043e\u043c\u043b\u0435\u043d\u0438\u0435 \u043e\u0431 \u0430\u0432\u0442\u043e\u0440\u0441\u043a\u0438\u0445 \u043f\u0440\u0430\u0432\u0430\u0445 \u043f\u043e\u044f\u0432\u043b\u044f\u0435\u0442\u0441\u044f \u0432 \u043a\u0430\u0436\u0434\u043e\u043c \u0438\u0437 \u044d\u0442\u0438\u0445 \u0440\u0435\u043f\u0440\u043e\u0434\u0443\u043a\u0446\u0438\u0438. \u041b\u044e\u0431\u043e\u0435 \u0432\u043e\u0441\u043f\u0440\u043e\u0438\u0437\u0432\u0435\u0434\u0435\u043d\u0438\u0435, \u0434\u0430\u0436\u0435 \u0447\u0430\u0441\u0442\u0438\u0447\u043d\u043e\u0435, \u0441\u0430\u0439\u0442\u0430 \u0437\u0430\u043f\u0440\u0435\u0449\u0435\u043d\u043e, \u0437\u0430 \u0438\u0441\u043a\u043b\u044e\u0447\u0435\u043d\u0438\u0435\u043c \u0434\u043e\u043c\u0430\u0448\u043d\u0435\u0433\u043e \u0438\u0441\u043f\u043e\u043b\u044c\u0437\u043e\u0432\u0430\u043d\u0438\u044f \u0438\u043b\u0438 \u043b\u0438\u0447\u043d\u043e\u0439 \u0438\u043d\u0444\u043e\u0440\u043c\u0430\u0446\u0438\u0438.<\/p>\n<p>\u041d\u0438\u043a\u0430\u043a\u043e\u0435 \u0432\u043e\u0441\u043f\u0440\u043e\u0438\u0437\u0432\u0435\u0434\u0435\u043d\u0438\u0435 \u0441\u0430\u0439\u0442\u0430 \u0438\u043b\u0438 \u0435\u0433\u043e \u0447\u0430\u0441\u0442\u0435\u0439 \u043d\u0435 \u043c\u043e\u0436\u0435\u0442 \u0431\u044b\u0442\u044c \u043f\u0440\u043e\u0434\u0430\u043d\u043e \u0438\u043b\u0438 \u0440\u0430\u0441\u043f\u0440\u043e\u0441\u0442\u0440\u0430\u043d\u0435\u043d\u043e \u0432 \u043a\u043e\u043c\u043c\u0435\u0440\u0447\u0435\u0441\u043a\u0438\u0445 \u0446\u0435\u043b\u044f\u0445, \u0430 \u0442\u0430\u043a\u0436\u0435 \u043d\u0435 \u0438\u0437\u043c\u0435\u043d\u0435\u043d\u043e \u0438\u043b\u0438 \u043d\u0435 \u0432\u043a\u043b\u044e\u0447\u0435\u043d\u043e \u043d\u0438 \u0432 \u043a\u0430\u043a\u0443\u044e \u0434\u0440\u0443\u0433\u0443\u044e \u0440\u0430\u0431\u043e\u0442\u0443 \u0438\u043b\u0438 \u043f\u0443\u0431\u043b\u0438\u043a\u0430\u0446\u0438\u044e \u0432 \u043f\u0435\u0447\u0430\u0442\u043d\u043e\u0439 \u0438\u043b\u0438 \u044d\u043b\u0435\u043a\u0442\u0440\u043e\u043d\u043d\u043e\u0439 \u0444\u043e\u0440\u043c\u0435, \u0432\u043a\u043b\u044e\u0447\u0430\u044f \u0434\u043e\u043f\u0443\u0449\u0435\u043d\u0438\u044f \u043d\u0430 \u043f\u0443\u0431\u043b\u0438\u043a\u0430\u0446\u0438\u044e \u043d\u0430 \u043b\u044e\u0431\u043e\u0439 \u0434\u0440\u0443\u0433\u043e\u0439 \u0441\u0430\u0439\u0442.<\/p>\n<p>\u041b\u044e\u0431\u043e\u0435 \u043d\u0435\u0441\u0430\u043d\u043a\u0446\u0438\u043e\u043d\u0438\u0440\u043e\u0432\u0430\u043d\u043d\u043e\u0435 \u0438\u0441\u043f\u043e\u043b\u044c\u0437\u043e\u0432\u0430\u043d\u0438\u0435 \u0438\u043b\u0438, \u0432 \u043b\u044e\u0431\u043e\u043c \u0441\u043b\u0443\u0447\u0430\u0435, \u043f\u0440\u043e\u0442\u0438\u0432\u043e\u0440\u0435\u0447\u0430\u0449\u0435\u0435 \u0437\u0430\u043a\u043e\u043d\u0443, \u0431\u0443\u0434\u0435\u0442 \u043f\u0440\u0435\u0441\u043b\u0435\u0434\u043e\u0432\u0430\u0442\u044c\u0441\u044f FISIOTERAPIA FORTE DEI MARMI SRL \u0432 \u0433\u0440\u0430\u0436\u0434\u0430\u043d\u0441\u043a\u043e\u043c \u0438 \u0443\u0433\u043e\u043b\u043e\u0432\u043d\u043e\u043c \u043f\u0440\u0430\u0432\u0435.<\/p>\n<p>\u0418\u043d\u0444\u043e\u0440\u043c\u0430\u0446\u0438\u044f \u043d\u0430 \u044d\u0442\u043e\u043c \u0441\u0430\u0439\u0442\u0435 \u0431\u044b\u043b\u0430 \u0434\u043e\u0431\u0440\u043e\u0441\u043e\u0432\u0435\u0441\u0442\u043d\u043e \u0432\u043a\u043b\u044e\u0447\u0435\u043d\u0430 \u0441 \u0435\u0434\u0438\u043d\u0441\u0442\u0432\u0435\u043d\u043d\u043e\u0439 \u0446\u0435\u043b\u044c\u044e \u043f\u0440\u0435\u0434\u043e\u0441\u0442\u0430\u0432\u043b\u0435\u043d\u0438\u044f \u043e\u0431\u0449\u0435\u0439 \u0438\u043d\u0444\u043e\u0440\u043c\u0430\u0446\u0438\u0438, \u043e \u0442\u043e\u0447\u043d\u043e\u0441\u0442\u0438 \u0438 \u043f\u043e\u043b\u043d\u043e\u0442\u0435 \u043a\u043e\u0442\u043e\u0440\u043e\u0439 \u043d\u0435 \u0434\u0430\u0435\u0442\u0441\u044f \u043d\u0438\u043a\u0430\u043a\u0438\u0445 \u0433\u0430\u0440\u0430\u043d\u0442\u0438\u0439.<\/p>\n<p>FISIOTERAPIA FORTE DEI MARMI SRL \u043d\u0435 \u043d\u0435\u0441\u0435\u0442 \u043e\u0442\u0432\u0435\u0442\u0441\u0442\u0432\u0435\u043d\u043d\u043e\u0441\u0442\u0438 \u0432 \u043e\u0442\u043d\u043e\u0448\u0435\u043d\u0438\u0438 \u0441\u043e\u0434\u0435\u0440\u0436\u0430\u043d\u0438\u044f \u0433\u0438\u043f\u0435\u0440\u0442\u0435\u043a\u0441\u0442\u043e\u0432\u044b\u0445 \u0441\u0430\u0439\u0442\u043e\u0432, \u0441\u0432\u044f\u0437\u0430\u043d\u043d\u044b\u0445 \u0441 \u0441\u0430\u0439\u0442\u043e\u043c www.fisioterapiafortedeimarmi.it, \u043f\u043e\u0441\u043a\u043e\u043b\u044c\u043a\u0443 \u043e\u043d\u043e \u0430\u0431\u0441\u043e\u043b\u044e\u0442\u043d\u043e \u043d\u0435 \u0441\u0432\u044f\u0437\u0430\u043d\u043e \u0441 \u043a\u0430\u043a\u043e\u0439-\u043b\u0438\u0431\u043e \u0444\u043e\u0440\u043c\u043e\u0439 \u043a\u043e\u043d\u0442\u0440\u043e\u043b\u044f \u0441\u043e \u0441\u0442\u043e\u0440\u043e\u043d\u044b Fisioterapia Forte dei Marmi. \u041f\u043e\u044d\u0442\u043e\u043c\u0443 \u0440\u0438\u0441\u043a\u0438, \u0441\u0432\u044f\u0437\u0430\u043d\u043d\u044b\u0435 \u0441 \u0438\u0441\u043f\u043e\u043b\u044c\u0437\u043e\u0432\u0430\u043d\u0438\u0435\u043c \u0442\u0430\u043a\u0438\u0445 \u0441\u0430\u0439\u0442\u044b \u0431\u0443\u0434\u0443\u0442 \u043f\u043e\u043b\u043d\u043e\u0441\u0442\u044c\u044e \u0437\u0430\u0432\u0438\u0441\u0435\u0442\u044c \u043e\u0442 \u043f\u043e\u043b\u044c\u0437\u043e\u0432\u0430\u0442\u0435\u043b\u044f.<\/p>\n<p>\u0422\u043e\u0432\u0430\u0440\u043d\u044b\u0435 \u0437\u043d\u0430\u043a\u0438 \u0438 \u00ab\u043b\u043e\u0433\u043e\u0442\u0438\u043f\u044b\u00bb, \u043f\u0440\u0435\u0434\u0441\u0442\u0430\u0432\u043b\u0435\u043d\u043d\u044b\u0435 \u043d\u0430 www.FISIOTERAPIAFORTEDEIMARMI.it, \u044f\u0432\u043b\u044f\u044e\u0442\u0441\u044f \u0437\u0430\u0440\u0435\u0433\u0438\u0441\u0442\u0440\u0438\u0440\u043e\u0432\u0430\u043d\u043d\u044b\u043c\u0438 \u0438\u043b\u0438 \u043d\u0435\u0437\u0430\u0440\u0435\u0433\u0438\u0441\u0442\u0440\u0438\u0440\u043e\u0432\u0430\u043d\u043d\u044b\u043c\u0438 \u0442\u043e\u0432\u0430\u0440\u043d\u044b\u043c\u0438 \u0437\u043d\u0430\u043a\u0430\u043c\u0438, \u043f\u0440\u0438\u043d\u0430\u0434\u043b\u0435\u0436\u0430\u0449\u0438\u043c\u0438 FISIOTERAPIA FORTE DEI MARMI SRL, \u0438\u043b\u0438 \u0442\u0440\u0435\u0442\u044c\u0438\u043c \u043b\u0438\u0446\u0430\u043c \u0438 \u043d\u0435 \u043c\u043e\u0433\u0443\u0442 \u0438\u0441\u043f\u043e\u043b\u044c\u0437\u043e\u0432\u0430\u0442\u044c\u0441\u044f \u0432 \u0440\u0435\u043a\u043b\u0430\u043c\u043d\u044b\u0445 \u0446\u0435\u043b\u044f\u0445 \u0431\u0435\u0437 \u043f\u0440\u0435\u0434\u0432\u0430\u0440\u0438\u0442\u0435\u043b\u044c\u043d\u043e\u0433\u043e \u043f\u0438\u0441\u044c\u043c\u0435\u043d\u043d\u043e\u0433\u043e \u0441\u043e\u0433\u043b\u0430\u0441\u0438\u044f \u0432\u043b\u0430\u0434\u0435\u043b\u044c\u0446\u0430 \u0442\u043e\u0432\u0430\u0440\u043d\u043e\u0433\u043e \u0437\u043d\u0430\u043a\u0430.<\/p>\n<p>\u041f\u043e \u043b\u044e\u0431\u044b\u043c \u0432\u043e\u043f\u0440\u043e\u0441\u0430\u043c \u0438\u043b\u0438 \u043f\u0440\u043e\u0431\u043b\u0435\u043c\u0430\u043c \u043e\u0442\u043f\u0440\u0430\u0432\u044c\u0442\u0435 \u044d\u043b\u0435\u043a\u0442\u0440\u043e\u043d\u043d\u043e\u0435 \u043f\u0438\u0441\u044c\u043c\u043e \u043f\u043e \u0430\u0434\u0440\u0435\u0441\u0443<\/p>\n<p>segreteria@fisioterapiafortedeimarmi.it<\/p>\n<p>\u0410\u0412\u0422\u041e\u0420\u0421\u041a\u0418\u0415 \u041f\u0420\u0410\u0412\u0410<\/p>\n<p>Copyright \u00a9 FISIOTERAPIA FORTE DEI MARMI SRL. \u0412\u0441\u0435 \u043f\u0440\u0430\u0432\u0430 \u0441\u043e\u0445\u0440\u0430\u043d\u0435\u043d\u044b.<\/p>\n","protected":false},"excerpt":{"rendered":"<p>\u0443\u0441\u043b\u043e\u0432\u0438\u044f \u0438\u0441\u043f\u043e\u043b\u044c\u0437\u043e\u0432\u0430\u043d\u0438\u044f \u0421\u043e\u0434\u0435\u0440\u0436\u0430\u043d\u0438\u0435 \u044d\u0442\u043e\u0433\u043e \u0441\u0430\u0439\u0442\u0430 (\u0442\u0435\u043a\u0441\u0442, \u0433\u0440\u0430\u0444\u0438\u043a\u0430, \u0438\u0437\u043e\u0431\u0440\u0430\u0436\u0435\u043d\u0438\u044f, \u0437\u0432\u0443\u043a\u0438, \u043f\u0440\u043e\u0433\u0440\u0430\u043c\u043c\u043d\u043e\u0435 \u043e\u0431\u0435\u0441\u043f\u0435\u0447\u0435\u043d\u0438\u0435, \u0441\u043f\u0438\u0441\u043a\u0438 \u0438 \u0431\u0430\u0437\u044b \u0434\u0430\u043d\u043d\u044b\u0445 \u0438 \u0442. \u0414.), \u0410 \u0442\u0430\u043a\u0436\u0435 \u0441\u043f\u043e\u0441\u043e\u0431 \u043f\u0440\u0435\u0434\u0441\u0442\u0430\u0432\u043b\u0435\u043d\u0438\u044f \u0438 \u0444\u043e\u0440\u043c\u0438\u0440\u043e\u0432\u0430\u043d\u0438\u044f \u0441\u043e\u0434\u0435\u0440\u0436\u0438\u043c\u043e\u0433\u043e \u044f\u0432\u043b\u044f\u044e\u0442\u0441\u044f \u0438\u0441\u043a\u043b\u044e\u0447\u0438\u0442\u0435\u043b\u044c\u043d\u043e\u0439 \u0441\u043e\u0431\u0441\u0442\u0432\u0435\u043d\u043d\u043e\u0441\u0442\u044c\u044e FISIOTERAPIA FORTE DEI MARMI SRL \u0438 \u0437\u0430\u0449\u0438\u0449\u0435\u043d\u044b \u043f\u043e \u0438\u0442\u0430\u043b\u044c\u044f\u043d\u0441\u043a\u0438\u043c \u0438 \u043c\u0435\u0436\u0434\u0443\u043d\u0430\u0440\u043e\u0434\u043d\u044b\u043c \u0437\u0430\u043a\u043e\u043d\u0430\u043c, \u0432 \u0447\u0430\u0441\u0442\u043d\u043e\u0441\u0442\u0438 \u043f\u043e \u0432\u043e\u043f\u0440\u043e\u0441\u0430\u043c \u0430\u0432\u0442\u043e\u0440\u0441\u043a\u043e\u0433\u043e \u043f\u0440\u0430\u0432\u0430. \u041f\u0440\u0430\u0432\u043e \u0441\u043e\u0431\u0441\u0442\u0432\u0435\u043d\u043d\u043e\u0441\u0442\u0438 \u043d\u0430 \u044d\u043a\u043e\u043d\u043e\u043c\u0438\u0447\u0435\u0441\u043a\u043e\u0435 \u0438\u0441\u043f\u043e\u043b\u044c\u0437\u043e\u0432\u0430\u043d\u0438\u0435 \u043f\u0440\u0438\u043d\u0430\u0434\u043b\u0435\u0436\u0438\u0442 FISIOTERAPIA FORTE DEI [&hellip;]<\/p>\n","protected":false},"author":1,"featured_media":0,"parent":0,"menu_order":0,"comment_status":"closed","ping_status":"closed","template":"","meta":{"_seopress_robots_primary_cat":"","_seopress_titles_title":"Termini e condizioni d'uso | Fisioterapia Forte dei Marmi","_seopress_titles_desc":"Il contenuto di questo sito (testo, elementi grafici, immagini, suoni, software, elenchi e banche dati, ecc.) cos\u00ec come il modo in cui i contenuti sono presentati e formati \u00e8 di esclusiva propriet\u00e0 di FISIOTERAPIA FORTE DEI MARMI SRL","_seopress_robots_index":"","inline_featured_image":false,"footnotes":""},"class_list":["post-5291","page","type-page","status-publish","hentry"],"translation":{"provider":"WPGlobus","version":"3.0.2","language":"ru","enabled_languages":["it","ru","gb"],"languages":{"it":{"title":true,"content":true,"excerpt":false},"ru":{"title":true,"content":true,"excerpt":false},"gb":{"title":false,"content":true,"excerpt":false}}},"_links":{"self":[{"href":"https:\/\/fisioterapiafortedeimarmi.it\/ru\/wp-json\/wp\/v2\/pages\/5291","targetHints":{"allow":["GET"]}}],"collection":[{"href":"https:\/\/fisioterapiafortedeimarmi.it\/ru\/wp-json\/wp\/v2\/pages"}],"about":[{"href":"https:\/\/fisioterapiafortedeimarmi.it\/ru\/wp-json\/wp\/v2\/types\/page"}],"author":[{"embeddable":true,"href":"https:\/\/fisioterapiafortedeimarmi.it\/ru\/wp-json\/wp\/v2\/users\/1"}],"replies":[{"embeddable":true,"href":"https:\/\/fisioterapiafortedeimarmi.it\/ru\/wp-json\/wp\/v2\/comments?post=5291"}],"version-history":[{"count":1,"href":"https:\/\/fisioterapiafortedeimarmi.it\/ru\/wp-json\/wp\/v2\/pages\/5291\/revisions"}],"predecessor-version":[{"id":9311,"href":"https:\/\/fisioterapiafortedeimarmi.it\/ru\/wp-json\/wp\/v2\/pages\/5291\/revisions\/9311"}],"wp:attachment":[{"href":"https:\/\/fisioterapiafortedeimarmi.it\/ru\/wp-json\/wp\/v2\/media?parent=5291"}],"curies":[{"name":"wp","href":"https:\/\/api.w.org\/{rel}","templated":true}]}}