{"id":5012,"date":"2018-03-30T17:03:27","date_gmt":"2018-03-30T15:03:27","guid":{"rendered":"http:\/\/fisioterapiafortedeimarmi.it\/?page_id=5012"},"modified":"2026-01-21T14:25:26","modified_gmt":"2026-01-21T13:25:26","slug":"onde-durto","status":"publish","type":"page","link":"https:\/\/fisioterapiafortedeimarmi.it\/ru\/onde-durto\/","title":{"rendered":"Onde d\u2019urto"},"content":{"rendered":"<div class=\"wpb-content-wrapper\">[vc_row][vc_column][vc_column_text disable_pattern=&#187;false&#187; css=&#187;.vc_custom_1768994295842{margin-bottom: 0px !important;}&#187;]\n<p class=\"subtitle fsz_rem1-2 color-blue fw-600\">TERAPIA CON ONDE D&#8217;URTO (ESWT)<\/p>\n<p>La <strong>Terapia con Onde d&#8217;Urto<\/strong> (conosciuta in ambito medico come <strong>ESWT<\/strong>, Extracorporeal Shock Wave Therapy) rappresenta una delle tecnologie pi\u00f9 avanzate e non invasive nel campo della <strong>fisioterapia<\/strong> e della <strong>riabilitazione<\/strong>. Sfrutta onde acustiche ad alta energia per stimolare i processi di autoguarigione e rigenerazione nei tessuti danneggiati, offrendo una soluzione efficace per diverse patologie muscolo-scheletriche.[\/vc_column_text][vc_empty_space][\/vc_column][\/vc_row][vc_row equal_columns=&#187;true&#187; column_padding=&#187;2&#8243; css=&#187;.vc_custom_1768490874722{padding-top: 25% !important;padding-bottom: 25% !important;background-image: url(https:\/\/fisioterapiafortedeimarmi.it\/wp-content\/uploads\/2025\/12\/onde-d-urto.webp?id=9279) !important;background-position: 0 0 !important;background-repeat: no-repeat !important;}&#187;][vc_column][\/vc_column][\/vc_row][vc_row][vc_column][vc_empty_space height=&#187;40px&#187;][vc_column_text disable_pattern=&#187;false&#187; css=&#187;.vc_custom_1769001904956{margin-bottom: 0px !important;}&#187;]\n<p class=\"subtitle fsz_rem1-2 color-blue fw-600\">Storia ed evoluzione delle onde d&#8217;urto<\/p>\n<p>Il concetto di onde d&#8217;urto in medicina \u00e8 stato introdotto negli <strong>anni &#8217;60.<\/strong> Tuttavia, la prima applicazione clinica risale al 1980, quando la metodica fu utilizzata con successo per disintegrare i calcoli renali (litotripsia).<\/p>\n<p>Da allora, l&#8217;applicazione delle onde d&#8217;urto ha compiuto notevoli progressi, espandendosi dall&#8217;ambito urologico a quello <strong>ortopedico, traumatologico<\/strong> e, con nuove prospettive, persino cardiologico.<\/p>\n<p>In fisioterapia, l&#8217;obiettivo non \u00e8 distruttivo (come nella litotripsia), ma di <strong>biostimolazione<\/strong> e <strong>riparazione tissutale.<\/strong> Anche in presenza di calcificazioni (come la spina calcaneare), le onde d&#8217;urto vengono utilizzate per<strong> generare un metabolismo riparativo<\/strong> e non per la distruzione diretta.[\/vc_column_text][mk_divider style=&#187;shadow_line&#187; margin_top=&#187;40&#8243; margin_bottom=&#187;40&#8243;][\/vc_column][\/vc_row][vc_row equal_columns=&#187;true&#187;][vc_column width=&#187;1\/2&#8243;][vc_column_text disable_pattern=&#187;false&#187; css=&#187;.vc_custom_1769001887838{margin-bottom: 0px !important;}&#187;]\n<p class=\"subtitle fsz_rem1-2 color-blue fw-600\">Come funzionano le onde d&#8217;urto?<\/p>\n<p>Le onde d&#8217;urto sono <strong>onde acustiche<\/strong> caratterizzate da un rapido e brusco cambiamento di pressione che si propaga a velocit\u00e0 elevata. Il loro meccanismo d&#8217;azione si basa su due effetti principali a livello tissutale:<\/p>\n<ol role=\"list\">\n<li><strong>Effetto Meccanico:<\/strong> L&#8217;onda acustica genera una pressione che provoca un <strong>microtrauma controllato<\/strong> nel tessuto bersaglio. Questo trauma, lungi dall&#8217;essere dannoso, \u00e8 fondamentale per <strong>riattivare i processi di rigenerazione<\/strong> e riparazione cellulare.<\/li>\n<li><strong>Cavitazione<\/strong>: Il passaggio dell&#8217;onda attraverso i tessuti liquidi causa la formazione e l&#8217;immediata implosione di microbolle (il fenomeno della cavitazione). Questo aumenta la <strong>permeabilit\u00e0 cellulare<\/strong> e stimola la <strong>vascolarizzazione<\/strong> locale.<\/li>\n<\/ol>\n[\/vc_column_text][\/vc_column][vc_column width=&#187;1\/2&#8243;][mk_image src=&#187;https:\/\/fisioterapiafortedeimarmi.it\/wp-content\/uploads\/2025\/12\/onde-urto.jpg&#187; image_size=&#187;full&#187;][\/vc_column][\/vc_row][vc_row equal_columns=&#187;true&#187;][vc_column][mk_divider style=&#187;shadow_line&#187; margin_top=&#187;40&#8243; margin_bottom=&#187;40&#8243;][vc_column_text disable_pattern=&#187;false&#187; css=&#187;.vc_custom_1768994415371{margin-bottom: 0px !important;}&#187;]\n<p class=\"subtitle fsz_rem1-2 color-blue fw-600\">Gli Effetti Biologici Desiderati<\/p>\n<p>L&#8217;azione combinata di questi meccanismi porta a diversi effetti terapeutici chiave:<\/p>\n<ul>\n<li><strong>Stimolazione della Guarigione:<\/strong> Favoriscono la neoangiogenesi (formazione di nuovi vasi sanguigni, migliorando l&#8217;afflusso di sangue e nutrienti) e la rigenerazione dei tessuti danneggiati<\/li>\n<li><strong>Azione Antidolorifica:<\/strong> Le onde d&#8217;urto modulano l&#8217;attivit\u00e0 delle terminazioni nervose, riducendo la percezione del dolore (effetto Gate Control e rilascio di endorfine).<\/li>\n<li><strong>Iperemia e Fibrinolisi<\/strong>: Stimolano l&#8217;afflusso di sangue (iperemizzazione) e aiutano ad &#171;ammorbidire&#187; i tessuti fibrotizzati (effetto fibrinolitico).<\/li>\n<\/ul>\n[\/vc_column_text][mk_divider style=&#187;shadow_line&#187; margin_top=&#187;40&#8243; margin_bottom=&#187;40&#8243;][vc_column_text disable_pattern=&#187;false&#187; css=&#187;.vc_custom_1768994427003{margin-bottom: 0px !important;}&#187;]\n<p class=\"subtitle fsz_rem1-2 color-blue fw-600\">Tipi di Onde d&#8217;Urto: Focali vs. Radiali<\/p>\n<p>Le onde d&#8217;urto utilizzate in terapia si suddividono in due categorie principali, che differiscono per generazione, propagazione dell&#8217;energia e indicazioni terapeutiche.[\/vc_column_text][mk_divider style=&#187;shadow_line&#187; margin_top=&#187;40&#8243; margin_bottom=&#187;40&#8243;][vc_row_inner][vc_column_inner width=&#187;1\/2&#8243;][vc_column_text disable_pattern=&#187;false&#187; css=&#187;.vc_custom_1768994377054{margin-bottom: 0px !important;}&#187;]\n<p class=\"subtitle fsz_rem1-2 color-blue fw-600\">Onde d&#8217;urto focali (FSWT)<\/p>\n<ul>\n<li><strong>Principio<\/strong>: L&#8217;onda di pressione (generata da sistemi elettroidraulici, elettromagnetici o piezoelettrici) \u00e8 focalizzata da uno schermo a forma di parabola, concentrando l&#8217;energia in un punto preciso del tessuto, proprio come una lente focalizza la luce.<\/li>\n<li><strong>Velocit\u00e0<\/strong>: La velocit\u00e0 di propagazione dell&#8217;impulso \u00e8 supersonica (maggiore di quella del suono).<\/li>\n<li><strong>Energia<\/strong>: L&#8217;energia \u00e8 molto alta, concentrata in un volume ridotto, e pu\u00f2 raggiungere l&#8217;equivalente di 1500 Kg\/cm^2 in pochi nanosecondi.<\/li>\n<li><strong>Applicazione<\/strong>: Permettono un trattamento mirato di strutture profonde e richiedono un puntamento preciso (spesso con l&#8217;ausilio di ecografia o radiografia) per indirizzare il fascio energetico.<\/li>\n<\/ul>\n[\/vc_column_text][\/vc_column_inner][vc_column_inner width=&#187;1\/2&#8243;][vc_column_text disable_pattern=&#187;false&#187; css=&#187;.vc_custom_1768994394994{margin-bottom: 0px !important;}&#187;]\n<p class=\"subtitle fsz_rem1-2 color-blue fw-600\">Onde d&#8217;urto radiali (RSWT)<\/p>\n<ul>\n<li><strong>Principio<\/strong>: Generano l&#8217;onda d&#8217;urto in modo balistico (simil-pistola pneumatica). Un proiettile, mosso da un compressore, batte su un applicatore, generando un&#8217;onda di pressione che si disperde nel tessuto come un&#8217;onda circolare o &#171;radiale&#187; (come un sasso nell&#8217;acqua).<\/li>\n<li><strong>Velocit\u00e0<\/strong>: La velocit\u00e0 \u00e8 inferiore a quella del suono.<\/li>\n<li><strong>Energia<\/strong>: L&#8217;energia \u00e8 pi\u00f9 bassa, distribuita su una superficie pi\u00f9 ampia, e diminuisce man mano che si procede dalla superficie in profondit\u00e0 (massimo circa 20 Kg\/cm^2).<\/li>\n<li><strong>Applicazione<\/strong>: Sono le pi\u00f9 diffuse per le comuni affezioni muscoloscheletriche. Non necessitano di puntamento radiologico in quanto l&#8217;energia si disperde nel tessuto. Efficaci per trattare aree pi\u00f9 estese o patologie superficiali.<\/li>\n<\/ul>\n[\/vc_column_text][\/vc_column_inner][\/vc_row_inner][vc_row_inner][vc_column_inner][mk_divider style=&#187;shadow_line&#187; margin_top=&#187;40&#8243; margin_bottom=&#187;40&#8243;][mk_table]\n<div style=\"overflow-x: auto;\">\n<table >\n<thead>\n<tr>\n<th>Caratteristica<\/th>\n<th>Onde d&#8217;urto focali<\/th>\n<th>Onde d&#8217;urto radiali<\/th>\n<\/tr>\n<\/thead>\n<tbody>\n<tr>\n<td>Velocit\u00e0 di impulso<\/td>\n<td>Supersonica<\/td>\n<td>Supersonica<\/td>\n<\/tr>\n<tr>\n<td>Concentrazione Energia<\/td>\n<td>Focalizzata in un punto preciso<\/td>\n<td>Dispersa (diminuisce con la profondit\u00e0)<\/td>\n<\/tr>\n<tr>\n<td>Profondit\u00e0 di azione<\/td>\n<td>Strutture profonde<\/td>\n<td>Strutture superficiali \/ aree estese<\/td>\n<\/tr>\n<tr>\n<td>Energia di Picco<\/td>\n<td>Molto alta (approx 1500 kg\/cm)<\/td>\n<td>Bassa (approx 20 kg\/cm)<\/td>\n<\/tr>\n<tr>\n<td>Puntamento<\/td>\n<td>Necessario (Eco\/Rx guidato)<\/td>\n<td>Non necessario<\/td>\n<\/tr>\n<\/tbody>\n<\/table>\n<\/div>\n[\/mk_table][mk_divider style=&#187;shadow_line&#187; margin_top=&#187;40&#8243; margin_bottom=&#187;40&#8243;][\/vc_column_inner][\/vc_row_inner][vc_row_inner][vc_column_inner][vc_column_text disable_pattern=&#187;false&#187; css=&#187;.vc_custom_1768994488525{margin-bottom: 0px !important;}&#187;]\n<p class=\"subtitle fsz_rem1-2 color-blue fw-600\">CONTROINDICAZIONI DELLE ONDE D&#8217;URTO<\/p>\n<p>La procedura \u00e8 generalmente sicura e ben tollerata (sebbene possa essere temporaneamente dolorosa). \u00c8 fondamentale che il trattamento sia sempre eseguito da professionisti qualificati.[\/vc_column_text][mk_divider style=&#187;shadow_line&#187; margin_top=&#187;40&#8243; margin_bottom=&#187;40&#8243;][\/vc_column_inner][\/vc_row_inner][vc_row_inner][vc_column_inner width=&#187;1\/2&#8243;][vc_column_text disable_pattern=&#187;false&#187; css=&#187;.vc_custom_1768994508322{margin-bottom: 0px !important;}&#187;]\n<p class=\"subtitle fsz_rem1-2 color-blue fw-600\">Controindicazioni per Onde a Bassa Energia (Radiali e Focali)<\/p>\n<ul>\n<li><strong>Gravidanza<\/strong> (in particolare il trattamento dell\u2019area pelvica).<\/li>\n<li><strong>Tumori maligni<\/strong> nell\u2019area di trattamento.<\/li>\n<li><strong>Disturbi della Coagulazione<\/strong> (relative).<\/li>\n<\/ul>\n[\/vc_column_text][\/vc_column_inner][vc_column_inner width=&#187;1\/2&#8243;][vc_column_text disable_pattern=&#187;false&#187; css=&#187;.vc_custom_1768994526651{margin-bottom: 0px !important;}&#187;]\n<p class=\"subtitle fsz_rem1-2 color-blue fw-600\">Controindicazioni per Onde a Bassa Energia (Radiali e Focali)<\/p>\n<ul>\n<li>Trattamento di aree molto vicine ai <strong>polmoni<\/strong>.<\/li>\n<li>Trattamento in prossimit\u00e0 delle <strong>cartilagini d\u2019accrescimento<\/strong> nei bambini.<\/li>\n<li>Trattamento del <strong>cervello<\/strong> o della <strong>spina dorsale<\/strong> nell\u2019area da trattare.<\/li>\n<li>Presenza di <strong>pacemaker<\/strong> o protesi metalliche nell&#8217;area (consultare sempre lo specialista).<\/li>\n<\/ul>\n[\/vc_column_text][\/vc_column_inner][\/vc_row_inner][vc_row_inner][vc_column_inner][mk_divider style=&#187;shadow_line&#187; margin_top=&#187;40&#8243; margin_bottom=&#187;40&#8243;][vc_column_text css=&#187;.vc_custom_1767092627555{margin-bottom: 0px !important;}&#187;]L&#8217;efficacia clinica delle onde d&#8217;urto \u00e8 supportata da numerosi studi, rendendola una delle opzioni terapeutiche pi\u00f9 risolutive e con tempi di recupero ridotti, grazie alla sua natura non invasiva.[\/vc_column_text][vc_empty_space][\/vc_column_inner][\/vc_row_inner][vc_accordions][vc_accordion_tab title=&#187;La terapia con onde d\u2019urto \u00e8 dolorosa?&#187;][vc_column_text css=&#187;.vc_custom_1767092703626{margin-bottom: 0px !important;}&#187;]Alcuni pazienti possono avvertire un leggero fastidio durante il trattamento, ma generalmente \u00e8 ben tollerato e temporaneo. Inoltre, la durata di una seduta \u00e8 relativamente breve, solitamente tra i 10 e i 15 minuti, il che contribuisce a minimizzare l\u2019eventuale disagio.[\/vc_column_text][\/vc_accordion_tab][vc_accordion_tab title=&#187;Quante sedute sono necessarie per vedere risultati?&#187;][vc_column_text css=&#187;.vc_custom_1767092733940{margin-bottom: 0px !important;}&#187;]Il numero di sedute necessarie varia in base alla patologia trattata e alla risposta individuale del paziente. Sebbene non esista un numero massimo di sedute, \u00e8 fondamentale che il trattamento sia personalizzato e monitorato da un professionista qualificato per garantire l\u2019efficacia e la sicurezza della terapia.[\/vc_column_text][\/vc_accordion_tab][vc_accordion_tab title=&#187;Quali sono le principali differenze tra onde focali e radiali?&#187;][vc_column_text css=&#187;.vc_custom_1767092853947{margin-bottom: 0px !important;}&#187;]Le prime concentrano l\u2019energia in un punto preciso, permettendo di trattare strutture profonde con grande precisione. Sono ideali per patologie localizzate in profondit\u00e0, come alcune tendinopatie o calcificazioni. Le seconde, invece, distribuiscono l\u2019energia su una superficie pi\u00f9 ampia e sono pi\u00f9 indicate per trattare aree estese o patologie superficiali, come lesioni dei tessuti molli vicino alla superficie cutanea.[\/vc_column_text][\/vc_accordion_tab][vc_accordion_tab title=&#187;\u00c8 normale avvertire un peggioramento dei sintomi dopo la terapia?&#187;][vc_column_text css=&#187;.vc_custom_1767092895506{margin-bottom: 0px !important;}&#187;]Alcuni pazienti possono sperimentare un temporaneo aumento del dolore o un rigonfiamento nell\u2019area trattata. Questo \u00e8 dovuto alla risposta infiammatoria naturale dell\u2019organismo, che avvia il processo di guarigione. Questi sintomi sono generalmente transitori e si risolvono spontaneamente in pochi giorni.[\/vc_column_text][\/vc_accordion_tab][vc_accordion_tab title=&#187;Dopo quanto tempo posso riprendere le normali attivit\u00e0 dopo il trattamento?&#187;][vc_column_text css=&#187;.vc_custom_1767092938514{margin-bottom: 0px !important;}&#187;]Nella maggior parte dei casi, \u00e8 possibile riprendere le normali attivit\u00e0 quotidiane immediatamente dopo la seduta. Tuttavia, per attivit\u00e0 fisiche intense o sport, \u00e8 consigliabile attendere almeno 24-48 ore per permettere ai tessuti di rispondere correttamente alla terapia e massimizzare i benefici del trattamento.[\/vc_column_text][\/vc_accordion_tab][\/vc_accordions][mk_divider style=&#187;shadow_line&#187; margin_top=&#187;40&#8243; margin_bottom=&#187;40&#8243;][\/vc_column][\/vc_row][vc_section full_width=&#187;stretch_row&#187; content_placement=&#187;middle&#187; css_animation=&#187;none&#187; css=&#187;.vc_custom_1768994619587{padding-top: 100px !important;padding-bottom: 100px !important;background-color: #13426b !important;}&#187;][vc_row][vc_column][mk_fancy_title tag_name=&#187;span&#187; color=&#187;#ffffff&#187; size=&#187;40&#8243; force_font_size=&#187;true&#187; size_tablet=&#187;30&#8243; font_family=&#187;none&#187; align=&#187;center&#187;]Risolvi il tuo problema[\/mk_fancy_title][mk_button dimension=&#187;two&#187; size=&#187;medium&#187; url=&#187;https:\/\/fisioterapiafortedeimarmi.it\/contatti\/&#187; align=&#187;center&#187; margin_bottom=&#187;0&#8243; margin_right=&#187;0&#8243; bg_color=&#187;#ffffff&#187; text_color=&#187;dark&#187;]Contattaci[\/mk_button][\/vc_column][\/vc_row][\/vc_section]\n<\/div>","protected":false},"excerpt":{"rendered":"<p>[vc_row][vc_column][vc_column_text disable_pattern=&#187;false&#187; css=&#187;.vc_custom_1768994295842{margin-bottom: 0px !important;}&#187;] TERAPIA CON ONDE D&#8217;URTO (ESWT) La Terapia con Onde d&#8217;Urto (conosciuta in ambito medico come ESWT, Extracorporeal Shock Wave Therapy) rappresenta una delle tecnologie pi\u00f9 avanzate e non invasive nel campo della fisioterapia e della riabilitazione. Sfrutta onde acustiche ad alta energia per stimolare i processi di autoguarigione e rigenerazione [&hellip;]<\/p>\n","protected":false},"author":1,"featured_media":0,"parent":0,"menu_order":0,"comment_status":"closed","ping_status":"closed","template":"","meta":{"_seopress_robots_primary_cat":"","_seopress_titles_title":"Onde d\u2019urto | Fisioterapia Forte dei Marmi","_seopress_titles_desc":"La Terapia con Onde d'Urto (conosciuta in ambito medico come ESWT, Extracorporeal Shock Wave Therapy) rappresenta una delle tecnologie pi\u00f9 avanzate e non invasive nel campo della fisioterapia e della riabilitazione.","_seopress_robots_index":"","inline_featured_image":false,"footnotes":""},"class_list":["post-5012","page","type-page","status-publish","hentry"],"translation":{"provider":"WPGlobus","version":"3.0.2","language":"ru","enabled_languages":["it","ru","gb"],"languages":{"it":{"title":true,"content":true,"excerpt":false},"ru":{"title":false,"content":false,"excerpt":false},"gb":{"title":false,"content":false,"excerpt":false}}},"_links":{"self":[{"href":"https:\/\/fisioterapiafortedeimarmi.it\/ru\/wp-json\/wp\/v2\/pages\/5012","targetHints":{"allow":["GET"]}}],"collection":[{"href":"https:\/\/fisioterapiafortedeimarmi.it\/ru\/wp-json\/wp\/v2\/pages"}],"about":[{"href":"https:\/\/fisioterapiafortedeimarmi.it\/ru\/wp-json\/wp\/v2\/types\/page"}],"author":[{"embeddable":true,"href":"https:\/\/fisioterapiafortedeimarmi.it\/ru\/wp-json\/wp\/v2\/users\/1"}],"replies":[{"embeddable":true,"href":"https:\/\/fisioterapiafortedeimarmi.it\/ru\/wp-json\/wp\/v2\/comments?post=5012"}],"version-history":[{"count":30,"href":"https:\/\/fisioterapiafortedeimarmi.it\/ru\/wp-json\/wp\/v2\/pages\/5012\/revisions"}],"predecessor-version":[{"id":9365,"href":"https:\/\/fisioterapiafortedeimarmi.it\/ru\/wp-json\/wp\/v2\/pages\/5012\/revisions\/9365"}],"wp:attachment":[{"href":"https:\/\/fisioterapiafortedeimarmi.it\/ru\/wp-json\/wp\/v2\/media?parent=5012"}],"curies":[{"name":"wp","href":"https:\/\/api.w.org\/{rel}","templated":true}]}}