{"id":5010,"date":"2018-03-30T17:03:17","date_gmt":"2018-03-30T15:03:17","guid":{"rendered":"http:\/\/fisioterapiafortedeimarmi.it\/?page_id=5010"},"modified":"2026-01-21T17:14:38","modified_gmt":"2026-01-21T16:14:38","slug":"ultrasuonoterapia","status":"publish","type":"page","link":"https:\/\/fisioterapiafortedeimarmi.it\/ru\/ultrasuonoterapia\/","title":{"rendered":"Ultrasuonoterapia"},"content":{"rendered":"<div class=\"wpb-content-wrapper\">[vc_row][vc_column][vc_column_text disable_pattern=&#187;false&#187; css=&#187;.vc_custom_1769012075974{margin-bottom: 0px !important;}&#187;]L\u2019ultrasuono \u00e8 definito come una vibrazione acustica con frequenze sopra il limite di quelle udibili (cio\u00e8 maggiori di 20.000 Hz). Le onde sono comprese tra i 1 MHz ed i 3 MHz: penetrano nei tessuti e svolgono azioni meccaniche, termiche e chimiche e determinano un&#8217;accelerazione dei processi metabolici delle cellule, aumentando l&#8217;energia termica locale e stimolando circolazione e tono neuromuscolare e vascolare.<\/p>\n<p class=\"subtitle fsz_rem1-2 color-blue fw-600\">Effetti terapeutici<\/p>\n<p>L\u2019Ultrasuonoterapia ha diversi effetti terapeutici:<\/p>\n<ul>\n<li>Analgesico<\/li>\n<li>Antinfiammatorio<\/li>\n<li>Antiedemigeno<\/li>\n<li>Decontratturante<\/li>\n<li>Fibronolitico<\/li>\n<\/ul>\n<p class=\"subtitle fsz_rem1-2 color-blue fw-600\">Modalit\u00e0 di applicazione<\/p>\n<p>La terapia con ultrasuoni pu\u00f2 essere somministrata con due modalit\u00e0 diverse.<\/p>\n<p>Contatto diretto: con testina mobile o fissa. La modalit\u00e0 a contatto diretto, che \u00e8 pi\u00f9 frequentemente utilizzata, consiste nell\u2019applicazione della testina emittente a diretto contatto della cute con l\u2019interposizione di una sostanza (di solito un apposito gel conduttivo) per favorire da un lato la trasmissione tra testina e cute e dall\u2019altro l\u2019aderenza, lo scivolamento e l\u2019eliminazione di possibile aria frapposta fra cute e trasduttore che potrebbe ostacolare, per la sua capacit\u00e0 riflettente, la trasmissione dell\u2019onda ultrasonica.<\/p>\n<p>A immersione: \u00e8 utile quando le superfici da curare sono troppo piccole o irregolari o quando la zona \u00e8 cos\u00ec dolente da impedire il contatto diretto. La parte da trattare viene immersa in un recipiente contenente acqua insieme alla testina emittente, posta ad una distanza massima di 2-3 cm dalla superficie corporea, per evitare una eccessiva dispersione del fascio ultrasonico con diminuzione dell\u2019efficacia terapeutica.<\/p>\n<p class=\"subtitle fsz_rem1-2 color-blue fw-600\">Indicazioni Terapeutiche<\/p>\n<p>L&#8217;ultrasuonoterapia \u00e8 indicata essenzialmente per patologie delle strutture periostali, tendinee e capsulari. Tra le principali indicazioni per l&#8217;impiego degli ultrasuoni:<\/p>\n<ul>\n<li><a href=\"\/2018\/06\/14\/artrosi-al-ginocchio-cosa-e-e-come-trattarla\/\" target=\"_blank\" rel=\"noopener\"><strong>Artrosi<\/strong><\/a><\/li>\n<li><a href=\"\/2020\/03\/04\/borsite\/\" target=\"_blank\" rel=\"noopener\"><strong>Borsite<\/strong><\/a><\/li>\n<li>Ematoma<\/li>\n<li><a href=\"\/2021\/03\/23\/tendine-di-achille\/\" target=\"_blank\" rel=\"noopener\"><strong>Tendinopatia<\/strong><\/a><\/li>\n<li><a href=\"\/2019\/11\/05\/lesioni-muscolari-nello-sportivo-dilettante\/\" target=\"_blank\" rel=\"noopener\"><strong>Lesione Muscolare<\/strong><\/a><\/li>\n<li><a href=\"\/2019\/12\/02\/domande-piu-comuni-in-caso-di-distorsione-di-caviglia\/\" target=\"_blank\" rel=\"noopener\"><strong>Distorsione<\/strong><\/a><\/li>\n<li><a href=\"\/2020\/10\/26\/iperlordosi\/\" target=\"_blank\" rel=\"noopener\"><strong>Contratture<\/strong><\/a><\/li>\n<li>Morbo di Dupuytren.<\/li>\n<li>Trattamento Cellulite.<\/li>\n<\/ul>\n<p class=\"subtitle fsz_rem1-2 color-blue fw-600\">Controindicazioni<\/p>\n<p>L\u2019ultrasuonoterapia \u00e8 vivamente sconsigliata in caso di:<\/p>\n<ul>\n<li>Tromboflebiti, perch\u00e9 gli ultrasuoni possono provocare la rottura di emboli<\/li>\n<li>Sepsi acuta delle zone da trattare, per il pericolo di diffusione dell\u2019infezione<\/li>\n<li>Gravidanza, per il pericolo di provocare danni al feto in area lombare<\/li>\n<li>Neoplasie, per evitare di stimolare la crescita delle metastasi<\/li>\n<\/ul>\n<p>&nbsp;<\/p>\n<p>&nbsp;<\/p>\n<p><img alt=\"Immagine centro Fisioterapia Forte dei Marmi\" loading=\"lazy\" decoding=\"async\" class=\"alignnone wp-image-5278 size-full\" src=\"http:\/\/fisioterapiafortedeimarmi.it\/wp-content\/uploads\/2018\/04\/ultra_ritagliata.jpg\" alt=\"\" width=\"1920\" height=\"485\" srcset=\"https:\/\/fisioterapiafortedeimarmi.it\/wp-content\/uploads\/2018\/04\/ultra_ritagliata.jpg 1920w, https:\/\/fisioterapiafortedeimarmi.it\/wp-content\/uploads\/2018\/04\/ultra_ritagliata-300x76.jpg 300w, https:\/\/fisioterapiafortedeimarmi.it\/wp-content\/uploads\/2018\/04\/ultra_ritagliata-768x194.jpg 768w, https:\/\/fisioterapiafortedeimarmi.it\/wp-content\/uploads\/2018\/04\/ultra_ritagliata-1024x259.jpg 1024w\" sizes=\"auto, (max-width: 1920px) 100vw, 1920px\" \/>[\/vc_column_text][\/vc_column][\/vc_row][vc_row][vc_column][mk_divider style=&#187;shadow_line&#187; margin_top=&#187;40&#8243; margin_bottom=&#187;40&#8243;][\/vc_column][\/vc_row][vc_section full_width=&#187;stretch_row&#187; css=&#187;.vc_custom_1769012024253{padding-top: 100px !important;padding-bottom: 100px !important;background-color: #13426b !important;}&#187;][vc_row][vc_column][mk_fancy_title tag_name=&#187;span&#187; color=&#187;#ffffff&#187; size=&#187;40&#8243; force_font_size=&#187;true&#187; size_tablet=&#187;30&#8243; font_family=&#187;none&#187; align=&#187;center&#187;]Risolvi il tuo problema[\/mk_fancy_title][mk_button dimension=&#187;two&#187; size=&#187;medium&#187; url=&#187;https:\/\/fisioterapiafortedeimarmi.it\/contatti\/&#187; align=&#187;center&#187; margin_bottom=&#187;0&#8243; margin_right=&#187;0&#8243; bg_color=&#187;#ffffff&#187; text_color=&#187;dark&#187;]Contattaci[\/mk_button][\/vc_column][\/vc_row][\/vc_section]\n<\/div>","protected":false},"excerpt":{"rendered":"<p>[vc_row][vc_column][vc_column_text disable_pattern=&#187;false&#187; css=&#187;.vc_custom_1769012075974{margin-bottom: 0px !important;}&#187;]L\u2019ultrasuono \u00e8 definito come una vibrazione acustica con frequenze sopra il limite di quelle udibili (cio\u00e8 maggiori di 20.000 Hz). Le onde sono comprese tra i 1 MHz ed i 3 MHz: penetrano nei tessuti e svolgono azioni meccaniche, termiche e chimiche e determinano un&#8217;accelerazione dei processi metabolici delle cellule, aumentando [&hellip;]<\/p>\n","protected":false},"author":1,"featured_media":5248,"parent":0,"menu_order":0,"comment_status":"closed","ping_status":"closed","template":"","meta":{"_seopress_robots_primary_cat":"","_seopress_titles_title":"Ultrasuonoterapia | Fisioterapia Forte dei Marmi","_seopress_titles_desc":"L\u2019ultrasuono \u00e8 definito come una vibrazione acustica con frequenze sopra il limite di quelle udibili (cio\u00e8 maggiori di 20.000 Hz). Le onde sono comprese tra i 1 MHz ed i 3 MHz: penetrano nei tessuti e svolgono azioni meccaniche, termiche e chimiche","_seopress_robots_index":"","inline_featured_image":false,"footnotes":""},"class_list":["post-5010","page","type-page","status-publish","has-post-thumbnail","hentry"],"translation":{"provider":"WPGlobus","version":"3.0.2","language":"ru","enabled_languages":["it","ru","gb"],"languages":{"it":{"title":true,"content":true,"excerpt":false},"ru":{"title":false,"content":false,"excerpt":false},"gb":{"title":false,"content":false,"excerpt":false}}},"_links":{"self":[{"href":"https:\/\/fisioterapiafortedeimarmi.it\/ru\/wp-json\/wp\/v2\/pages\/5010","targetHints":{"allow":["GET"]}}],"collection":[{"href":"https:\/\/fisioterapiafortedeimarmi.it\/ru\/wp-json\/wp\/v2\/pages"}],"about":[{"href":"https:\/\/fisioterapiafortedeimarmi.it\/ru\/wp-json\/wp\/v2\/types\/page"}],"author":[{"embeddable":true,"href":"https:\/\/fisioterapiafortedeimarmi.it\/ru\/wp-json\/wp\/v2\/users\/1"}],"replies":[{"embeddable":true,"href":"https:\/\/fisioterapiafortedeimarmi.it\/ru\/wp-json\/wp\/v2\/comments?post=5010"}],"version-history":[{"count":6,"href":"https:\/\/fisioterapiafortedeimarmi.it\/ru\/wp-json\/wp\/v2\/pages\/5010\/revisions"}],"predecessor-version":[{"id":9400,"href":"https:\/\/fisioterapiafortedeimarmi.it\/ru\/wp-json\/wp\/v2\/pages\/5010\/revisions\/9400"}],"wp:featuredmedia":[{"embeddable":true,"href":"https:\/\/fisioterapiafortedeimarmi.it\/ru\/wp-json\/wp\/v2\/media\/5248"}],"wp:attachment":[{"href":"https:\/\/fisioterapiafortedeimarmi.it\/ru\/wp-json\/wp\/v2\/media?parent=5010"}],"curies":[{"name":"wp","href":"https:\/\/api.w.org\/{rel}","templated":true}]}}