{"id":5008,"date":"2018-03-30T17:03:05","date_gmt":"2018-03-30T15:03:05","guid":{"rendered":"http:\/\/fisioterapiafortedeimarmi.it\/?page_id=5008"},"modified":"2026-01-21T16:59:51","modified_gmt":"2026-01-21T15:59:51","slug":"terapia-manuale-ortopedica","status":"publish","type":"page","link":"https:\/\/fisioterapiafortedeimarmi.it\/ru\/terapia-manuale-ortopedica\/","title":{"rendered":"Terapia manuale ortopedica"},"content":{"rendered":"<div class=\"wpb-content-wrapper\">[vc_row][vc_column][vc_column_text disable_pattern=&#187;false&#187; css=&#187;.vc_custom_1769010963643{margin-bottom: 0px !important;}&#187;]La definizione ufficiale di \u201cTerapia Manuale Ortopedica\u201d viene data da IFOMPT (International Federation of Orthopaedic Manipulative Physical Therapists) a Cape Town nel 2004, con il voto favorevole di tutti i Paesi membri presenti al General Meeting. Eccola di seguito:<\/p>\n<p>&#171;<em>La Terapia Manuale Ortopedica (OMT) \u00e8 un&#8217;area specialistica della fisioterapia volta alla gestione delle patologie neuro-muscolo-scheletriche e basata sul ragionamento clinico, la quale utilizza approcci terapeutici altamente specifici, che includono le tecniche manuali e gli esercizi terapeutici. La Terapia Manuale Ortopedica comprende, ed \u00e8 guidata, dalle prove di efficacia cliniche scientifiche disponibili e dalla struttura biopsicosociale di ogni singolo paziente<\/em>&#171;.<\/p>\n<p>In questa definizione vengono mostrati i capisaldi della Terapia Manuale Ortopedica che vi illustreremo uno ad uno.<\/p>\n<p class=\"subtitle fsz_rem1-2 color-blue fw-600\">Ragionamento Clinico<\/p>\n<p>\u00c8 il processo cognitivo che porta alla valutazione fisioterapica. Vengono poste diverse domande e richieste dimostrazioni pratiche funzionali per l&#8217;acquisizione di dati utili alla valutazione. Questo porter\u00e0 il fisioterapista a generare una serie di ipotesi che, continuando con il processo, andr\u00e0 confutando fino a definire e realizzare un intervento efficace per ogni singolo paziente. Si tratta di un modello aperto, per il quale \u00e8 importante sviluppare certe competenze, come una mentalit\u00e0 aperta e flessibile alla ricezione dell&#8217;informazione, un approccio costruttivo ed innovativo per analizzare le informazioni e soprattutto essere disciplinati, metodici e logici nel momento della raccolta dell&#8217;informazione.<\/p>\n<p class=\"subtitle fsz_rem1-2 color-blue fw-600\">Tecniche Manuali<\/p>\n<p>Consistono in una serie di interventi dove il fisioterapista utilizza le sue mani per gestire movimenti precisi volti a modulare il dolore, aumentare la gamma di movimenti articolari, ridurre o eliminare l&#8217;edema del tessuto connettivo, indurre il rilassamento, migliorare l&#8217;estensibilit\u00e0 del tessuto contrattile e non contrattile. Questi interventi implicano variabilit\u00e0 nelle tecniche e nei gradi di applicazione delle forze.<\/p>\n<p class=\"subtitle fsz_rem1-2 color-blue fw-600\">Esercizio Terapeutico<\/p>\n<p>La terapia manuale ne necessita per essere ancora pi\u00f9 efficace e per aumentare i benefici ottenuti con le tecniche manuali. Al paziente viene proposto un iter di lavoro personalizzato in base alle sue caratteristiche e alle sue esigenze, con l&#8217;obiettivo di migliorare attivamente le capacit\u00e0 fisiche e ridurre la sintomatologia dolorosa.<\/p>\n<p class=\"subtitle fsz_rem1-2 color-blue fw-600\">Struttura Biopsicosociale<\/p>\n<p>Fattore molto importante \u00e8 il quadro biopsicosociale della persona. I fattori psicosociali coinvolgono sia aspetti sociali che comportamenti psicologici.<\/p>\n<p>Questi sono i principali da considerare per essere pi\u00f9 efficaci nel nostro intervento:<\/p>\n<ul>\n<li>Autostima: intesa come la fiducia in s\u00e9 stessi di fronte alle situazioni della vita sia positive che negative. Ha grande influenza come mediatore nell&#8217;intensit\u00e0 del dolore, in risposta alla disabilit\u00e0 e alla paura di affrontarla.<\/li>\n<li>Capacit\u00e0 di adattamento: \u00e8 la capacit\u00e0 di adattarsi o di affrontare cambiamenti o sfide con s\u00e9 stessi, il modo di interagire con gli altri e con il contesto.<\/li>\n<li>Depressione e Catastrofismo: sovrastimazione degli aspetti negativi e delle conseguenze di un&#8217;esperienza. Di solito \u00e8 legata nei pazienti all&#8217;intensit\u00e0 del dolore, alla disabilit\u00e0 a causa del dolore e dallo stress psicosociale.<\/li>\n<\/ul>\n<p>Tuttavia, va osservato che la Terapia Manuale Ortopedica (OTM) non \u00e8 applicabile a tutti. Esistono una serie di controindicazioni da tenere presenti, tra cui alcune assolute come neoplasie, cauda equina, fratture e disturbi psicologici gravi o alcune relative come osteoporosi, danni neurologici e l&#8217;uso prolungato di corticosteroidi.[\/vc_column_text][\/vc_column][\/vc_row][vc_row][vc_column][mk_divider style=&#187;shadow_line&#187; margin_top=&#187;40&#8243; margin_bottom=&#187;40&#8243;][\/vc_column][\/vc_row][vc_section full_width=&#187;stretch_row&#187; css=&#187;.vc_custom_1769011012317{padding-top: 100px !important;padding-bottom: 100px !important;background-color: #13426b !important;}&#187;][vc_row][vc_column][mk_fancy_title tag_name=&#187;span&#187; color=&#187;#ffffff&#187; size=&#187;40&#8243; force_font_size=&#187;true&#187; size_tablet=&#187;30&#8243; font_family=&#187;none&#187; align=&#187;center&#187;]Risolvi il tuo problema[\/mk_fancy_title][mk_button dimension=&#187;two&#187; size=&#187;medium&#187; url=&#187;https:\/\/fisioterapiafortedeimarmi.it\/contatti\/&#187; align=&#187;center&#187; margin_bottom=&#187;0&#8243; margin_right=&#187;0&#8243; bg_color=&#187;#ffffff&#187; text_color=&#187;dark&#187;]Contattaci[\/mk_button][\/vc_column][\/vc_row][\/vc_section]\n<\/div>","protected":false},"excerpt":{"rendered":"<p>[vc_row][vc_column][vc_column_text disable_pattern=&#187;false&#187; css=&#187;.vc_custom_1769010963643{margin-bottom: 0px !important;}&#187;]La definizione ufficiale di \u201cTerapia Manuale Ortopedica\u201d viene data da IFOMPT (International Federation of Orthopaedic Manipulative Physical Therapists) a Cape Town nel 2004, con il voto favorevole di tutti i Paesi membri presenti al General Meeting. Eccola di seguito: &#171;La Terapia Manuale Ortopedica (OMT) \u00e8 un&#8217;area specialistica della fisioterapia volta alla [&hellip;]<\/p>\n","protected":false},"author":1,"featured_media":8434,"parent":0,"menu_order":0,"comment_status":"closed","ping_status":"closed","template":"","meta":{"_seopress_robots_primary_cat":"","_seopress_titles_title":"Terapia manuale ortopedica | Fisioterapia Forte dei Marmi","_seopress_titles_desc":"La Terapia Manuale Ortopedica (OMT) \u00e8 un\u2019area specialistica della fisioterapia volta alla gestione delle patologie neuro-muscolo-scheletriche e basata sul ragionamento clinico, la quale utilizza approcci terapeutici altamente specifici, che includono le tecniche manuali e gli esercizi terapeutici.","_seopress_robots_index":"","inline_featured_image":false,"footnotes":""},"class_list":["post-5008","page","type-page","status-publish","has-post-thumbnail","hentry"],"translation":{"provider":"WPGlobus","version":"3.0.2","language":"ru","enabled_languages":["it","ru","gb"],"languages":{"it":{"title":true,"content":true,"excerpt":false},"ru":{"title":false,"content":false,"excerpt":false},"gb":{"title":false,"content":false,"excerpt":false}}},"_links":{"self":[{"href":"https:\/\/fisioterapiafortedeimarmi.it\/ru\/wp-json\/wp\/v2\/pages\/5008","targetHints":{"allow":["GET"]}}],"collection":[{"href":"https:\/\/fisioterapiafortedeimarmi.it\/ru\/wp-json\/wp\/v2\/pages"}],"about":[{"href":"https:\/\/fisioterapiafortedeimarmi.it\/ru\/wp-json\/wp\/v2\/types\/page"}],"author":[{"embeddable":true,"href":"https:\/\/fisioterapiafortedeimarmi.it\/ru\/wp-json\/wp\/v2\/users\/1"}],"replies":[{"embeddable":true,"href":"https:\/\/fisioterapiafortedeimarmi.it\/ru\/wp-json\/wp\/v2\/comments?post=5008"}],"version-history":[{"count":3,"href":"https:\/\/fisioterapiafortedeimarmi.it\/ru\/wp-json\/wp\/v2\/pages\/5008\/revisions"}],"predecessor-version":[{"id":9394,"href":"https:\/\/fisioterapiafortedeimarmi.it\/ru\/wp-json\/wp\/v2\/pages\/5008\/revisions\/9394"}],"wp:featuredmedia":[{"embeddable":true,"href":"https:\/\/fisioterapiafortedeimarmi.it\/ru\/wp-json\/wp\/v2\/media\/8434"}],"wp:attachment":[{"href":"https:\/\/fisioterapiafortedeimarmi.it\/ru\/wp-json\/wp\/v2\/media?parent=5008"}],"curies":[{"name":"wp","href":"https:\/\/api.w.org\/{rel}","templated":true}]}}