{"id":5006,"date":"2018-03-30T17:02:49","date_gmt":"2018-03-30T15:02:49","guid":{"rendered":"http:\/\/fisioterapiafortedeimarmi.it\/?page_id=5006"},"modified":"2026-01-21T16:54:31","modified_gmt":"2026-01-21T15:54:31","slug":"tecarterapia","status":"publish","type":"page","link":"https:\/\/fisioterapiafortedeimarmi.it\/ru\/tecarterapia\/","title":{"rendered":"Tecarterapia"},"content":{"rendered":"<div class=\"wpb-content-wrapper\">[vc_row][vc_column][vc_column_text disable_pattern=&#187;false&#187; css=&#187;.vc_custom_1769010735657{margin-bottom: 0px !important;}&#187;]Il termine \u201ctecar\u201d, o \u201ctecarterapia\u201d, deriva dall\u2019acronimo \u201cTrasferimento Energetico Capacitivo Resistivo\u201d. Questa terapia, sebbene sia presente in Italia gi\u00e0 da diverso tempo, si \u00e8 sviluppata a livello esponenziale solamente negli ultimi 20 anni.<\/p>\n<p>La tecarterapia \u00e8 una tecnica che veicola energia ai tessuti biologici potenziando i processi riparativi fisiologici. La ragione d\u2019essere della tecar sta nel fatto che a seguito di un infortunio, un trauma o un processo degenerativo, si alterano e rallentano i processi biologici basilari per la riparazione tissutale. Applicando il principio fisico del condensatore la tecar, al contrario di altri elettromedicali che producono energia dall\u2019esterno, ha la peculiarit\u00e0 unica di ottenere un trasferimento energetico endogeno attraverso lo spostamento alternato di attrazione\/repulsione delle cariche elettriche degli ioni presenti all\u2019interno del tessuto corporeo.<\/p>\n<p class=\"subtitle fsz_rem1-2 color-blue fw-600\">La tecarterapia ha due modalit\u00e0 di applicazione:<\/p>\n<ul>\n<li>Capacitiva: l\u2019elettrodo mobile in mano al terapista \u00e8 isolato, quindi le cariche elettriche si accumuleranno pi\u00f9 vicine al manipolo. Questa modalit\u00e0 stimola maggiormente i tessuti molli superficiali (muscoli, sistema vascolare e linfatico ecc.)<\/li>\n<li>Resistiva: l\u2019elettrodo mobile in questo caso non \u00e8 pi\u00f9 isolato, pertanto le cariche tenderanno ad avvicinarsi di pi\u00f9 ai tessuti a maggiore resistenza ovvero che lasciano passare minore energia. Questa tecnica viene utilizzata quindi per tessuti ossei, cartilaginei e tendinei.<\/li>\n<\/ul>\n<p class=\"subtitle fsz_rem1-2 color-blue fw-600\">La Tecarterapia sta ottenendo molto successo grazie a:<\/p>\n<ul>\n<li>Enorme risposta da parte del paziente perch\u00e9 la terapia risulta gradevole;<\/li>\n<li>Grandi capacit\u00e0 di trattare svariati disturbi muscolo scheletrici;<\/li>\n<li>Efficacia nello stimolare i processi riparativi naturali.<\/li>\n<\/ul>\n<p>Sebbene si adatti a qualsiasi patologia muscolo scheletrica, per l\u2019applicazione di questo elettromedicale \u00e8 necessaria un\u2019ottima formazione da parte dello staff sanitario poich\u00e9 ogni patologia ha le proprie caratteristiche di trattamento che, se non conosciute, limitano l\u2019efficacia della terapia.[\/vc_column_text][mk_divider style=&#187;shadow_line&#187; margin_top=&#187;40&#8243; margin_bottom=&#187;40&#8243;][\/vc_column][\/vc_row][vc_row][vc_column][mk_divider style=&#187;shadow_line&#187; margin_top=&#187;40&#8243; margin_bottom=&#187;40&#8243;][\/vc_column][\/vc_row][vc_row][vc_column][mk_image src=&#187;https:\/\/fisioterapiafortedeimarmi.it\/wp-content\/uploads\/2023\/02\/tecarterapia.jpg&#187; image_size=&#187;full&#187; align=&#187;center&#187;][mk_divider style=&#187;shadow_line&#187; margin_top=&#187;40&#8243; margin_bottom=&#187;40&#8243;][\/vc_column][\/vc_row][vc_row][vc_column width=&#187;2\/3&#8243;][vc_column_text disable_pattern=&#187;false&#187; css=&#187;.vc_custom_1769010770541{margin-bottom: 0px !important;}&#187;]\n<p class=\"subtitle fsz_rem1-2 color-blue fw-600\">I benefici<\/p>\n<p>I benefici della tecarterapia sono molteplici, ne elenchiamo alcuni:<\/p>\n<ul>\n<li>Stimolazione del metabolismo basale dei tessuti trattati;<\/li>\n<li>Aumento del flusso sanguigno arterioso con maggior apporto di sostanze nutritizie e ossigeno per il tessuto leso;<\/li>\n<li>Aumento del flusso sanguigno venoso e linfatico con maggior risciacquo delle sostanze di scarto dalla zona patologica;<\/li>\n<li>Aumento endogeno della temperatura locale della zona trattata (effetto indiretto).&gt;<\/li>\n<\/ul>\n<p class=\"subtitle fsz_rem1-2 color-blue fw-600\">Patologie trattate<\/p>\n<p><a href=\"\/2021\/02\/25\/i-5-nemici-del-padel-ecco-quali-sono-gli-infortuni-piu-frequenti\/\" target=\"_blank\" rel=\"noopener\"><strong>Distorsioni<\/strong><\/a>, tendiniti, borsiti,<a href=\"\/2019\/06\/27\/senti-dolore-quando-corri\/\" target=\"_blank\" rel=\"noopener\"><strong> traumi ossei e articolari<\/strong><\/a>, lesioni muscolari e tendinee, riabilitazione post-chirurgica, cervicalgia, lombalgia, spalla congelata o capsulite adesiva, epicondilite o <a href=\"\/2020\/03\/04\/borsite\/\" target=\"_blank\" rel=\"noopener\"><strong>gomito<\/strong> <\/a>del tennista, epitrocleite o gomito del golfista, dolori muscolari, dolori articolari, osteoporosi, dita a scatto, meta tarsalgia, <a href=\"\/2021\/05\/24\/dolore-sotto-al-piede-quando-corro-la-fascite-plantare\/\" target=\"_blank\" rel=\"noopener\"><strong>fascite plantare<\/strong><\/a>, sacroileite, lesioni legamentose, ematomi, edemi, pubalgia, traumi sportivi.[\/vc_column_text][\/vc_column][vc_column width=&#187;1\/3&#8243;][mk_image src=&#187;https:\/\/fisioterapiafortedeimarmi.it\/wp-content\/uploads\/2023\/02\/tecarterapia-1.webp&#187; image_size=&#187;full&#187; align=&#187;center&#187; animation=&#187;scale-up&#187;][\/vc_column][\/vc_row][vc_row][vc_column][mk_divider style=&#187;shadow_line&#187; margin_top=&#187;40&#8243; margin_bottom=&#187;40&#8243;][\/vc_column][\/vc_row][vc_row][vc_column][vc_column_text disable_pattern=&#187;false&#187; css=&#187;.vc_custom_1769010495143{margin-bottom: 0px !important;}&#187;]\n<p class=\"subtitle fsz_rem1-2 color-blue fw-600\">Controindicazioni<\/p>\n<p>Il trattamento con tecarterapia \u00e8 assolutamente vietato nei pazienti portatori di peacemaker e\/o altri apparecchi elettronici impiantati, donne in gravidanza e pazienti con patologie oncologiche (tumorali).[\/vc_column_text][\/vc_column][\/vc_row][vc_row][vc_column][mk_divider style=&#187;shadow_line&#187; margin_top=&#187;40&#8243; margin_bottom=&#187;40&#8243;][\/vc_column][\/vc_row][vc_section full_width=&#187;stretch_row&#187; content_placement=&#187;middle&#187; css_animation=&#187;none&#187; css=&#187;.vc_custom_1769010454645{padding-top: 100px !important;padding-bottom: 100px !important;background-color: #13426b !important;}&#187;][vc_row][vc_column][mk_fancy_title tag_name=&#187;span&#187; color=&#187;#ffffff&#187; size=&#187;40&#8243; force_font_size=&#187;true&#187; size_tablet=&#187;30&#8243; font_family=&#187;none&#187; align=&#187;center&#187;]Risolvi il tuo problema[\/mk_fancy_title][mk_button dimension=&#187;two&#187; size=&#187;medium&#187; url=&#187;https:\/\/fisioterapiafortedeimarmi.it\/contatti\/&#187; align=&#187;center&#187; margin_bottom=&#187;0&#8243; margin_right=&#187;0&#8243; bg_color=&#187;#ffffff&#187; text_color=&#187;dark&#187;]Contattaci[\/mk_button][\/vc_column][\/vc_row][\/vc_section]\n<\/div>","protected":false},"excerpt":{"rendered":"<p>[vc_row][vc_column][vc_column_text disable_pattern=&#187;false&#187; css=&#187;.vc_custom_1769010735657{margin-bottom: 0px !important;}&#187;]Il termine \u201ctecar\u201d, o \u201ctecarterapia\u201d, deriva dall\u2019acronimo \u201cTrasferimento Energetico Capacitivo Resistivo\u201d. Questa terapia, sebbene sia presente in Italia gi\u00e0 da diverso tempo, si \u00e8 sviluppata a livello esponenziale solamente negli ultimi 20 anni. La tecarterapia \u00e8 una tecnica che veicola energia ai tessuti biologici potenziando i processi riparativi fisiologici. La ragione [&hellip;]<\/p>\n","protected":false},"author":1,"featured_media":8391,"parent":0,"menu_order":0,"comment_status":"closed","ping_status":"closed","template":"","meta":{"_seopress_robots_primary_cat":"","_seopress_titles_title":"Tecarterapia | Fisioterapia Forte dei Marmi","_seopress_titles_desc":"Il termine \u201ctecar\u201d, o \u201ctecarterapia\u201d, deriva dall\u2019acronimo \u201cTrasferimento Energetico Capacitivo Resistivo\u201d. Questa terapia, sebbene sia presente in Italia gi\u00e0 da diverso tempo, si \u00e8 sviluppata a livello esponenziale solamente negli ultimi 20 anni.","_seopress_robots_index":"","inline_featured_image":false,"footnotes":""},"class_list":["post-5006","page","type-page","status-publish","has-post-thumbnail","hentry"],"translation":{"provider":"WPGlobus","version":"3.0.2","language":"ru","enabled_languages":["it","ru","gb"],"languages":{"it":{"title":true,"content":true,"excerpt":false},"ru":{"title":false,"content":false,"excerpt":false},"gb":{"title":false,"content":false,"excerpt":false}}},"_links":{"self":[{"href":"https:\/\/fisioterapiafortedeimarmi.it\/ru\/wp-json\/wp\/v2\/pages\/5006","targetHints":{"allow":["GET"]}}],"collection":[{"href":"https:\/\/fisioterapiafortedeimarmi.it\/ru\/wp-json\/wp\/v2\/pages"}],"about":[{"href":"https:\/\/fisioterapiafortedeimarmi.it\/ru\/wp-json\/wp\/v2\/types\/page"}],"author":[{"embeddable":true,"href":"https:\/\/fisioterapiafortedeimarmi.it\/ru\/wp-json\/wp\/v2\/users\/1"}],"replies":[{"embeddable":true,"href":"https:\/\/fisioterapiafortedeimarmi.it\/ru\/wp-json\/wp\/v2\/comments?post=5006"}],"version-history":[{"count":15,"href":"https:\/\/fisioterapiafortedeimarmi.it\/ru\/wp-json\/wp\/v2\/pages\/5006\/revisions"}],"predecessor-version":[{"id":9393,"href":"https:\/\/fisioterapiafortedeimarmi.it\/ru\/wp-json\/wp\/v2\/pages\/5006\/revisions\/9393"}],"wp:featuredmedia":[{"embeddable":true,"href":"https:\/\/fisioterapiafortedeimarmi.it\/ru\/wp-json\/wp\/v2\/media\/8391"}],"wp:attachment":[{"href":"https:\/\/fisioterapiafortedeimarmi.it\/ru\/wp-json\/wp\/v2\/media?parent=5006"}],"curies":[{"name":"wp","href":"https:\/\/api.w.org\/{rel}","templated":true}]}}