{"id":5004,"date":"2018-03-30T17:02:41","date_gmt":"2018-03-30T15:02:41","guid":{"rendered":"http:\/\/fisioterapiafortedeimarmi.it\/?page_id=5004"},"modified":"2026-01-21T16:42:30","modified_gmt":"2026-01-21T15:42:30","slug":"rieducazione-funzionale","status":"publish","type":"page","link":"https:\/\/fisioterapiafortedeimarmi.it\/ru\/rieducazione-funzionale\/","title":{"rendered":"\u0412\u041e\u0421\u0421\u0422\u0410\u041d\u041e\u0412\u041b\u0415\u041d\u0418\u0415 \u041d\u0410\u0420\u0423\u0428\u0415\u041d\u041d\u042b\u0425 \u0424\u0423\u041d\u041a\u0426\u0418\u0419"},"content":{"rendered":"<div class=\"wpb-content-wrapper\">[vc_row][vc_column][mk_divider style=&#187;shadow_line&#187; margin_top=&#187;40&#8243; margin_bottom=&#187;40&#8243;][\/vc_column][\/vc_row][vc_row][vc_column width=&#187;2\/3&#8243;][vc_column_text css=&#187;.vc_custom_1675334854177{margin-bottom: 0px !important;}&#187;]<span style=\"color: #000000;\">A seconda delle disfunzioni notate nella fase di valutazione, il paziente comincia il percorso terapeutico insieme al fisioterapista: questo tragitto a tappe non pu\u00f2 prescindere da un lavoro sinergico fra tecniche di terapia manuale ed esercizi di rieducazione funzionale. Le une non possono funzionare senza gli altri.<\/span><\/p>\n<p><span style=\"color: #000000;\">All&#8217;interno della palestra riabilitativa verranno eseguiti esercizi a carico GRADUALE a seconda della sensazione dolorosa percepita dal paziente. Questi possono essere specifici muscolo-articolari per il raggiungimento di un particolare micro-obiettivo oppure generali aerobici per il miglioramento del sintomo algico. Il carico di lavoro per ogni singolo esercizio viene scelto in maniera progressiva in COLLABORAZIONE con il paziente il quale ci aiuta a trovare la propria capacit\u00e0 di carico personale. Questo elemento risulta fondamentale per l&#8217;efficacia del trattamento in quanto il terapista non pu\u00f2 prescindere dalle sensazioni positive o negative provate da chi esegue l&#8217;esercizio. Per il paziente diventa molto pi\u00f9 facile e motivante sapere di poter realizzare un compito.<\/span>[\/vc_column_text][\/vc_column][vc_column width=&#187;1\/3&#8243;][mk_image src=&#187;https:\/\/fisioterapiafortedeimarmi.it\/wp-content\/uploads\/2023\/02\/rieducazione_funzionale-1.webp&#187; image_size=&#187;full&#187; align=&#187;center&#187; animation=&#187;scale-up&#187;][\/vc_column][\/vc_row][vc_row][vc_column][mk_image src=&#187;https:\/\/fisioterapiafortedeimarmi.it\/wp-content\/uploads\/2023\/02\/rieducazione_funzionale_2.webp&#187; image_size=&#187;full&#187; align=&#187;center&#187;][\/vc_column][\/vc_row][vc_row][vc_column][mk_divider style=&#187;shadow_line&#187; margin_top=&#187;40&#8243; margin_bottom=&#187;40&#8243;][\/vc_column][\/vc_row][vc_row][vc_column][vc_column_text disable_pattern=&#187;false&#187; css=&#187;.vc_custom_1769009726545{margin-bottom: 0px !important;}&#187;]\n<p class=\"subtitle fsz_rem1-2 color-blue fw-600\">LA MET<\/p>\n<p><span style=\"color: #000000;\">La Medical Exercise Therapy o MET \u00e8 una forma di trattamento nata nei paesi scandinavi e supportata dal modello biopsicosociale del funzionamento umano. In questo sistema \u00e8 importante che il terapista sia sempre presente, vicino e a disposizione in modo tale da trasmettere al paziente la sensazione di trovarsi in un ambiente sicuro. Cos\u00ec \u00e8 possibile rispondere subito alle domande, eliminando l&#8217;insicurezza poich\u00e9 il paziente conosce subito come sia effettuata in modo corretto la terapia. Nel momento in cui le insicurezze e l&#8217;ansia si riducono, il DOLORE DIMINUISCE.<\/span>[\/vc_column_text][\/vc_column][\/vc_row][vc_row][vc_column][mk_divider style=&#187;shadow_line&#187; margin_top=&#187;40&#8243; margin_bottom=&#187;40&#8243;][\/vc_column][\/vc_row][vc_section full_width=&#187;stretch_row&#187; content_placement=&#187;middle&#187; css_animation=&#187;none&#187; css=&#187;.vc_custom_1769009748597{padding-top: 100px !important;padding-bottom: 100px !important;background-color: #13426b !important;}&#187;][vc_row][vc_column][mk_fancy_title tag_name=&#187;span&#187; color=&#187;#ffffff&#187; size=&#187;40&#8243; force_font_size=&#187;true&#187; size_tablet=&#187;30&#8243; font_family=&#187;none&#187; align=&#187;center&#187;]Risolvi il tuo problema[\/mk_fancy_title][mk_button dimension=&#187;two&#187; size=&#187;medium&#187; url=&#187;https:\/\/fisioterapiafortedeimarmi.it\/contatti\/&#187; align=&#187;center&#187; margin_bottom=&#187;0&#8243; margin_right=&#187;0&#8243; bg_color=&#187;#ffffff&#187; text_color=&#187;dark&#187;]Contattaci[\/mk_button][\/vc_column][\/vc_row][\/vc_section]\n<\/div>","protected":false},"excerpt":{"rendered":"<p>[vc_row][vc_column][mk_divider style=&#187;shadow_line&#187; margin_top=&#187;40&#8243; margin_bottom=&#187;40&#8243;][\/vc_column][\/vc_row][vc_row][vc_column width=&#187;2\/3&#8243;][vc_column_text css=&#187;.vc_custom_1675334854177{margin-bottom: 0px !important;}&#187;]A seconda delle disfunzioni notate nella fase di valutazione, il paziente comincia il percorso terapeutico insieme al fisioterapista: questo tragitto a tappe non pu\u00f2 prescindere da un lavoro sinergico fra tecniche di terapia manuale ed esercizi di rieducazione funzionale. Le une non possono funzionare senza gli altri. All&#8217;interno [&hellip;]<\/p>\n","protected":false},"author":1,"featured_media":0,"parent":0,"menu_order":0,"comment_status":"closed","ping_status":"closed","template":"","meta":{"_seopress_robots_primary_cat":"","_seopress_titles_title":"Rieducazione funzionale | Fisioterapia Forte dei Marmi","_seopress_titles_desc":"A seconda delle disfunzioni notate nella fase di valutazione, il paziente comincia il percorso terapeutico insieme al fisioterapista: questo tragitto a tappe non pu\u00f2 prescindere da un lavoro sinergico fra tecniche di terapia manuale ed esercizi di rieducazione funzionale.","_seopress_robots_index":"","inline_featured_image":false,"footnotes":""},"class_list":["post-5004","page","type-page","status-publish","hentry"],"translation":{"provider":"WPGlobus","version":"3.0.2","language":"ru","enabled_languages":["it","ru","gb"],"languages":{"it":{"title":true,"content":true,"excerpt":false},"ru":{"title":true,"content":false,"excerpt":false},"gb":{"title":true,"content":false,"excerpt":false}}},"_links":{"self":[{"href":"https:\/\/fisioterapiafortedeimarmi.it\/ru\/wp-json\/wp\/v2\/pages\/5004","targetHints":{"allow":["GET"]}}],"collection":[{"href":"https:\/\/fisioterapiafortedeimarmi.it\/ru\/wp-json\/wp\/v2\/pages"}],"about":[{"href":"https:\/\/fisioterapiafortedeimarmi.it\/ru\/wp-json\/wp\/v2\/types\/page"}],"author":[{"embeddable":true,"href":"https:\/\/fisioterapiafortedeimarmi.it\/ru\/wp-json\/wp\/v2\/users\/1"}],"replies":[{"embeddable":true,"href":"https:\/\/fisioterapiafortedeimarmi.it\/ru\/wp-json\/wp\/v2\/comments?post=5004"}],"version-history":[{"count":8,"href":"https:\/\/fisioterapiafortedeimarmi.it\/ru\/wp-json\/wp\/v2\/pages\/5004\/revisions"}],"predecessor-version":[{"id":9388,"href":"https:\/\/fisioterapiafortedeimarmi.it\/ru\/wp-json\/wp\/v2\/pages\/5004\/revisions\/9388"}],"wp:attachment":[{"href":"https:\/\/fisioterapiafortedeimarmi.it\/ru\/wp-json\/wp\/v2\/media?parent=5004"}],"curies":[{"name":"wp","href":"https:\/\/api.w.org\/{rel}","templated":true}]}}