{"id":5002,"date":"2018-03-30T17:02:24","date_gmt":"2018-03-30T15:02:24","guid":{"rendered":"http:\/\/fisioterapiafortedeimarmi.it\/?page_id=5002"},"modified":"2026-01-21T11:33:23","modified_gmt":"2026-01-21T10:33:23","slug":"laser-ad-alta-potenza","status":"publish","type":"page","link":"https:\/\/fisioterapiafortedeimarmi.it\/ru\/laser-ad-alta-potenza\/","title":{"rendered":"Laser ad alta potenza"},"content":{"rendered":"<div class=\"wpb-content-wrapper\">[vc_row][vc_column][vc_column_text disable_pattern=&#187;false&#187; css=&#187;.vc_custom_1768927509497{margin-bottom: 0px !important;}&#187;]<strong>\u00a0<\/strong>Il termine \u201cLaser\u201d \u00e8 l\u2019acronimo inglese di \u201cLight Amplification by Stimulated Emission of Radiation\u201d ovvero \u201camplificazione luminosa provocata dall&#8217;emissione stimolata di radiazioni elettromagnetiche\u201d. Questa sigla indica un dispositivo in grado di emettere un fascio di luce monocromatica e concentrata in un raggio rettilineo capace di indurre variazioni fotochimiche e fotobiologiche sulle cellule dei tessuti. Il Laser ad Alta Potenza \u00e8 in grado di distribuire l\u2019energia emessa in pressoch\u00e9 tutti gli strati cellulari sottoposti al trattamento, in modo graduale, omogeneo e controllato, facendo prevalere, a seconda delle necessit\u00e0, un assorbimento piuttosto che l\u2019altro.<\/p>\n<p>Il Laser pu\u00f2 agire in emissione continua o pulsata garantendo il trasferimento diversificato e completo ai tessuti corporei pi\u00f9 profondi del corpo umano di un\u2019energia in grado di trasformarsi in bio-stimolazione e calore, la quale pu\u00f2 assumere, a seconda degli obiettivi terapeutici perseguiti, intensit\u00e0 basse permettendo di lavorare in atermia, oppure medio-alte per associare anche gli effetti pi\u00f9 propriamente termici della luce laser.<\/p>\n<p><strong>Emissione Continua<\/strong>: preferita per utilizzare la massima potenza disponibile, ridurre i tempi di applicazione, sfruttare la potenza emessa per trattare in modalit\u00e0 a scansione anche ampie parti del corpo.<\/p>\n<p><strong>Emissione Pulsata<\/strong>: attraverso l\u2019emissione pulsata \u00e8 possibile contenere l\u2019effetto termico, modularlo ed effettuare trattamenti sia in modalit\u00e0 manuale che a scansione.<\/p>\n<p><strong>Effetti terapeutici del Laser<\/strong><\/p>\n<p>Antalgico: tale effetto si esplica con l&#8217;aumento della soglia delle terminazioni algotrope e con la produzione di Beta-endorfine a livello sinaptico.<\/p>\n<p>Antiflogistico: stimolazione di leucociti e Macrofagi. Riduzione secrezione di prostaglandine e aumento di prostacicline. Aumento del drenaggio linfatico e del flusso ematico (attivazione del microcircolo)<\/p>\n<p>Biostimolante: con questo termine intendiamo l&#8217;effetto sulla sintesi proteica, che deriva dalla stimolazione della membrana cellulare e dalla aumentata produzione di ATP per stimolazione della membrana mitocondriale.[\/vc_column_text][mk_divider style=&#187;shadow_line&#187; margin_top=&#187;40&#8243; margin_bottom=&#187;40&#8243;][\/vc_column][\/vc_row][vc_row][vc_column][mk_image src=&#187;https:\/\/fisioterapiafortedeimarmi.it\/wp-content\/uploads\/2023\/02\/laser.webp&#187; image_size=&#187;full&#187; align=&#187;center&#187;][\/vc_column][\/vc_row][vc_row][vc_column][mk_divider style=&#187;shadow_line&#187; margin_top=&#187;40&#8243; margin_bottom=&#187;40&#8243;][\/vc_column][\/vc_row][vc_row][vc_column width=&#187;1\/2&#8243;][vc_column_text disable_pattern=&#187;false&#187; css=&#187;.vc_custom_1768991485171{margin-bottom: 0px !important;}&#187;]\n<p class=\"subtitle fsz_rem1-2 color-blue fw-600\">Indicazioni Terapeutiche<\/p>\n<p>L\u2019utilizzo del Laser \u00e8 indicato nelle seguenti patologie:<\/p>\n<ul>\n<li><a href=\"\/2020\/03\/27\/sindrome-del-tunnel-carpale-che-cose-e-come-si-puo-curare\/\" target=\"_blank\" rel=\"noopener\"><strong>Tunnel carpale<\/strong><\/a><\/li>\n<li>Coxartrosi<\/li>\n<li><a href=\"\/2018\/12\/18\/protesi-al-ginocchio\/\" target=\"_blank\" rel=\"noopener\"><strong>Gonartrosi<\/strong><\/a><\/li>\n<li>Meniscopatia<\/li>\n<li>Pubalgia<\/li>\n<li><a href=\"\/2019\/11\/06\/cervicale\/\" target=\"_blank\" rel=\"noopener\"><strong>Cervicalgia<\/strong><\/a><\/li>\n<li>Problematiche scapolo-omerali<\/li>\n<li>Metatarsalgia<\/li>\n<li><a href=\"\/2020\/03\/04\/nervo-sciatico\/\" target=\"_blank\" rel=\"noopener\"><strong>Sciatalgia<\/strong><\/a><\/li>\n<li><a href=\"\/2021\/02\/25\/dolore-al-gomito-nel-padel\/\" target=\"_blank\" rel=\"noopener\"><strong>Epicondilite<\/strong> <\/a>(gomito del tennista)<\/li>\n<li>Epitrocleitre (gomito del golfista)<\/li>\n<li>Tendinopatia Rotulea<\/li>\n<li>Tendipotia Achillea<\/li>\n<li><a href=\"\/2019\/11\/05\/lesioni-muscolari-nello-sportivo-dilettante\/\" target=\"_blank\" rel=\"noopener\"><strong>Lesioni muscolari<\/strong><\/a><\/li>\n<li><a href=\"\/2020\/06\/30\/traumi-estivi\/\" target=\"_blank\" rel=\"noopener\"><strong>Lesioni legamentose<\/strong><\/a><\/li>\n<li>Traumi contusivi distorsivi<\/li>\n<\/ul>\n<p class=\"subtitle fsz_rem1-2 color-blue fw-600\">Controindicazioni<\/p>\n<p>La <a href=\"\/2019\/03\/21\/spalla-atraumatica\/\" target=\"_blank\" rel=\"noopener noreferrer\"><strong>Laserterapia<\/strong> <\/a>\u00e8 controindicata nei portatori di pacemaker, in gravidanza, in caso di epilessia e in presenza di neoplasie.[\/vc_column_text][\/vc_column][vc_column width=&#187;1\/2&#8243;][mk_image src=&#187;https:\/\/fisioterapiafortedeimarmi.it\/wp-content\/uploads\/2023\/02\/laser_alta_potenza-1.webp&#187; image_size=&#187;full&#187; align=&#187;center&#187;][\/vc_column][\/vc_row][vc_row][vc_column][mk_divider style=&#187;shadow_line&#187; margin_top=&#187;40&#8243; margin_bottom=&#187;40&#8243;][\/vc_column][\/vc_row][vc_section full_width=&#187;stretch_row&#187; content_placement=&#187;middle&#187; css_animation=&#187;none&#187; css=&#187;.vc_custom_1768991401220{padding-top: 100px !important;padding-bottom: 100px !important;background-color: #13426b !important;}&#187;][vc_row][vc_column][mk_fancy_title tag_name=&#187;span&#187; color=&#187;#ffffff&#187; size=&#187;40&#8243; force_font_size=&#187;true&#187; size_tablet=&#187;30&#8243; font_family=&#187;none&#187; align=&#187;center&#187;]Risolvi il tuo problema[\/mk_fancy_title][mk_button dimension=&#187;two&#187; size=&#187;medium&#187; url=&#187;https:\/\/fisioterapiafortedeimarmi.it\/contatti\/&#187; align=&#187;center&#187; margin_bottom=&#187;0&#8243; margin_right=&#187;0&#8243; bg_color=&#187;#ffffff&#187; text_color=&#187;dark&#187;]Contattaci[\/mk_button][\/vc_column][\/vc_row][\/vc_section]\n<\/div>","protected":false},"excerpt":{"rendered":"<p>[vc_row][vc_column][vc_column_text disable_pattern=&#187;false&#187; css=&#187;.vc_custom_1768927509497{margin-bottom: 0px !important;}&#187;]\u00a0Il termine \u201cLaser\u201d \u00e8 l\u2019acronimo inglese di \u201cLight Amplification by Stimulated Emission of Radiation\u201d ovvero \u201camplificazione luminosa provocata dall&#8217;emissione stimolata di radiazioni elettromagnetiche\u201d. Questa sigla indica un dispositivo in grado di emettere un fascio di luce monocromatica e concentrata in un raggio rettilineo capace di indurre variazioni fotochimiche e fotobiologiche sulle [&hellip;]<\/p>\n","protected":false},"author":1,"featured_media":8430,"parent":0,"menu_order":0,"comment_status":"closed","ping_status":"closed","template":"","meta":{"_seopress_robots_primary_cat":"","_seopress_titles_title":"Laser ad alta potenza | Fisioterapia Forte dei Marmi","_seopress_titles_desc":"Il termine \u201cLaser\u201d \u00e8 l\u2019acronimo inglese di \u201cLight Amplification by Stimulated Emission of Radiation\u201d ovvero \u201camplificazione luminosa provocata dall\u2019emissione stimolata di radiazioni elettromagnetiche\u201d.","_seopress_robots_index":"","inline_featured_image":false,"footnotes":""},"class_list":["post-5002","page","type-page","status-publish","has-post-thumbnail","hentry"],"translation":{"provider":"WPGlobus","version":"3.0.2","language":"ru","enabled_languages":["it","ru","gb"],"languages":{"it":{"title":true,"content":true,"excerpt":false},"ru":{"title":false,"content":false,"excerpt":false},"gb":{"title":false,"content":false,"excerpt":false}}},"_links":{"self":[{"href":"https:\/\/fisioterapiafortedeimarmi.it\/ru\/wp-json\/wp\/v2\/pages\/5002","targetHints":{"allow":["GET"]}}],"collection":[{"href":"https:\/\/fisioterapiafortedeimarmi.it\/ru\/wp-json\/wp\/v2\/pages"}],"about":[{"href":"https:\/\/fisioterapiafortedeimarmi.it\/ru\/wp-json\/wp\/v2\/types\/page"}],"author":[{"embeddable":true,"href":"https:\/\/fisioterapiafortedeimarmi.it\/ru\/wp-json\/wp\/v2\/users\/1"}],"replies":[{"embeddable":true,"href":"https:\/\/fisioterapiafortedeimarmi.it\/ru\/wp-json\/wp\/v2\/comments?post=5002"}],"version-history":[{"count":10,"href":"https:\/\/fisioterapiafortedeimarmi.it\/ru\/wp-json\/wp\/v2\/pages\/5002\/revisions"}],"predecessor-version":[{"id":9352,"href":"https:\/\/fisioterapiafortedeimarmi.it\/ru\/wp-json\/wp\/v2\/pages\/5002\/revisions\/9352"}],"wp:featuredmedia":[{"embeddable":true,"href":"https:\/\/fisioterapiafortedeimarmi.it\/ru\/wp-json\/wp\/v2\/media\/8430"}],"wp:attachment":[{"href":"https:\/\/fisioterapiafortedeimarmi.it\/ru\/wp-json\/wp\/v2\/media?parent=5002"}],"curies":[{"name":"wp","href":"https:\/\/api.w.org\/{rel}","templated":true}]}}