{"id":9265,"date":"2025-12-30T10:16:50","date_gmt":"2025-12-30T09:16:50","guid":{"rendered":"https:\/\/staging.fisioterapiafortedeimarmi.it\/?page_id=9265"},"modified":"2026-01-21T14:38:41","modified_gmt":"2026-01-21T13:38:41","slug":"dermatologia","status":"publish","type":"page","link":"https:\/\/fisioterapiafortedeimarmi.it\/gb\/dermatologia\/","title":{"rendered":"Dermatologia"},"content":{"rendered":"<div class=\"wpb-content-wrapper\">[vc_row][vc_column][vc_column_text css=&#8221;.vc_custom_1768925889053{margin-bottom: 0px !important;}&#8221;]\n<p class=\"subtitle fsz_rem1-2 color-blue fw-600\">Che cos\u2019\u00e8 la pelle<\/p>\n<p>La <strong>pelle<\/strong> \u00e8 l\u2019organo pi\u00f9 esteso del corpo umano e svolge funzioni fondamentali per la nostra salute: protegge l\u2019organismo dagli agenti esterni, regola la temperatura corporea e contribuisce alla percezione degli stimoli. Proprio perch\u00e9 \u00e8 costantemente esposta a fattori ambientali, ormonali e allo stile di vita, la pelle pu\u00f2 andare incontro a cambiamenti, alterazioni e patologie di diversa natura.<\/p>\n<p>Effettuare <strong>controlli dermatologici periodici<\/strong> \u00e8 essenziale per monitorare il suo stato di salute individuando precocemente eventuali problematiche e prevenire disturbi pi\u00f9 seri[\/vc_column_text][mk_divider style=&#8221;shadow_line&#8221; margin_top=&#8221;40&#8243; margin_bottom=&#8221;40&#8243;][\/vc_column][\/vc_row][vc_row][vc_column width=&#8221;1\/2&#8243;][mk_divider style=&#8221;shadow_line&#8221; margin_top=&#8221;40&#8243; margin_bottom=&#8221;40&#8243;][vc_column_text disable_pattern=&#8221;false&#8221; css=&#8221;.vc_custom_1769002302459{margin-bottom: 0px !important;}&#8221;]\n<p class=\"subtitle fsz_rem1-2 color-blue fw-600\">Quando \u00e8 necessario effettuare una visita dermatologica?<\/p>\n<p>\u00c8 consigliabile prenotare una <strong>visita dermatologica<\/strong> quando compaiono o persistono:<\/p>\n<ul>\n<li><strong>nei o macchie che cambiano aspetto<\/strong> (colore, forma, dimensione) o risultano insoliti: un controllo \u00e8 utile per la <strong>prevenzione<\/strong> e la diagnosi precoce<\/li>\n<li><strong>brufoli, impurit\u00e0 e pelle grassa<\/strong>, sia in adolescenza che in et\u00e0 adulta: si possono impostare <strong>percorsi mirati<\/strong> per l\u2019acne e gli squilibri del sebo<\/li>\n<li><strong>arrossamenti, prurito e irritazioni ricorrenti<\/strong>: spesso legati a <strong>dermatiti<\/strong> o <strong>eczemi<\/strong> che richiedono una valutazione accurata<\/li>\n<li><strong>desquamazione e placche persistenti<\/strong>, tipiche di condizioni come la <strong>psoriasi<\/strong>, da gestire con indicazioni mediche personalizzate<\/li>\n<li><strong>infezioni della pelle<\/strong> come <strong>micosi<\/strong>, <strong>verruche<\/strong> o altre manifestazioni infettive<\/li>\n<li><strong>caduta dei capelli o diradamento<\/strong>, insieme a disturbi del cuoio capelluto: utile per inquadrare eventuale <strong>alopecia<\/strong> e impostare i trattamenti.<\/li>\n<\/ul>\n[\/vc_column_text][mk_page_section][\/mk_page_section][\/vc_column][vc_column width=&#8221;1\/2&#8243;][mk_image src=&#8221;https:\/\/fisioterapiafortedeimarmi.it\/wp-content\/uploads\/2025\/12\/dermatologia.webp&#8221; image_size=&#8221;full&#8221;][\/vc_column][\/vc_row][vc_row][vc_column][mk_divider style=&#8221;shadow_line&#8221; margin_top=&#8221;40&#8243; margin_bottom=&#8221;40&#8243;][vc_column_text css=&#8221;.vc_custom_1768926372016{margin-bottom: 0px !important;}&#8221;]\n<p class=\"subtitle fsz_rem1-2 color-blue fw-600\">LE DOMANDE PIU&#8217; FREQUENTI DEI NOSTRI PAZIENTI<\/p>\n[\/vc_column_text][vc_accordions][vc_accordion_tab title=&#8221;Ogni quanto \u00e8 consigliato fare un controllo dei nei?&#8221;][vc_column_text css=&#8221;.vc_custom_1767086452444{margin-bottom: 0px !important;}&#8221;]In assenza di fattori di rischio, \u00e8 consigliabile effettuare un controllo dermatologico dei nei una volta all\u2019anno. In presenza di numerosi nei, familiarit\u00e0 per melanoma o cambiamenti sospetti, il dermatologo pu\u00f2 suggerire controlli pi\u00f9 frequenti.[\/vc_column_text][\/vc_accordion_tab][vc_accordion_tab title=&#8221;\u00c8 possibile effettuare una visita dermatologica a scopo preventivo?&#8221;][vc_column_text css=&#8221;.vc_custom_1767086470323{margin-bottom: 0px !important;}&#8221;]S\u00ec, la visita dermatologica non \u00e8 utile solo in presenza di disturbi, ma anche come strumento di prevenzione. Un controllo periodico consente di monitorare lo stato di salute della pelle e individuare precocemente eventuali alterazioni.[\/vc_column_text][\/vc_accordion_tab][vc_accordion_tab title=&#8221;Quali patologie vengono trattate durante una visita dermatologica?&#8221;][vc_column_text css=&#8221;.vc_custom_1767086539425{margin-bottom: 0px !important;}&#8221;]La visita dermatologica permette di diagnosticare e trattare numerose condizioni, tra cui acne, dermatiti, eczemi, psoriasi, infezioni cutanee, problematiche dei capelli e delle unghie, oltre al controllo dei nei e delle lesioni cutanee.[\/vc_column_text][\/vc_accordion_tab][vc_accordion_tab title=&#8221;Il dermatologo si occupa anche di problemi ai capelli e al cuoio capelluto?&#8221;][vc_column_text css=&#8221;.vc_custom_1767086626388{margin-bottom: 0px !important;}&#8221;]S\u00ec, il dermatologo tratta anche caduta dei capelli, alopecia, forfora, dermatiti del cuoio capelluto e altre problematiche correlate, definendo percorsi di valutazione e trattamento personalizzati.[\/vc_column_text][\/vc_accordion_tab][vc_accordion_tab title=&#8221;La visita dermatologica \u00e8 indicata anche per bambini e adolescenti?&#8221;][vc_column_text css=&#8221;.vc_custom_1767086663425{margin-bottom: 0px !important;}&#8221;]S\u00ec, nei bambini e negli adolescenti \u00e8 particolarmente utile per la gestione di dermatiti, verruche, infezioni cutanee e acne giovanile, sempre con un approccio adeguato all\u2019et\u00e0.[\/vc_column_text][\/vc_accordion_tab][\/vc_accordions][mk_divider style=&#8221;shadow_line&#8221; margin_top=&#8221;40&#8243; margin_bottom=&#8221;40&#8243;][\/vc_column][vc_column][vc_row_inner][vc_column_inner][vc_column_text disable_pattern=&#8221;false&#8221; css=&#8221;.vc_custom_1769002316793{margin-bottom: 0px !important;}&#8221;]\n<p class=\"subtitle fsz_rem1-2 color-blue fw-600\">Perch\u00e9 scegliere il nostro centro dermatologico in Versilia?<\/p>\n<p>Scegliere il nostro <strong>ambulatorio di dermatologia<\/strong> all\u2019interno di <strong>Polo Salute Versilia<\/strong> significa affidarsi a un <strong>centro medico <\/strong>che unisce competenza clinica e attenzione alla persona. Il nostro team, composto dai <strong>migliori<\/strong> <strong>dermatologi esperti<\/strong>, segue ogni paziente con valutazioni approfondite e indicazioni chiare, dalla prevenzione alla cura.<\/p>\n<p>Utilizziamo <strong>strumentazioni diagnostiche moderne<\/strong> per controlli mirati della pelle e impostiamo <strong>trattamenti personalizzati<\/strong> in base alle esigenze specifiche, anche per problematiche di capelli e unghie. Il nostro obiettivo \u00e8 offrire un servizio dermatologico affidabile e continuativo, per monitorare la <strong>salute della pelle<\/strong> nel tempo e intervenire in modo tempestivo quando necessario.<\/p>\n<p class=\"subtitle fsz_rem1-2 color-blue fw-600\">LE NOSTRE PRESTAZIONI AMBULATORIALI<\/p>\n<ul>\n<li><strong>Prima visita dermatologica (incluso dermoscopia manuale per valutazione nei)<\/strong><\/li>\n<li><strong>visita di controllo dermatologica<\/strong><\/li>\n<li><strong>visita dermatologica con crioterapia<\/strong><\/li>\n<li><strong>laser terapia dermatologica<\/strong>.<\/li>\n<\/ul>\n[\/vc_column_text][mk_divider style=&#8221;shadow_line&#8221; margin_top=&#8221;40&#8243; margin_bottom=&#8221;40&#8243;][\/vc_column_inner][\/vc_row_inner][\/vc_column][\/vc_row][vc_section full_width=&#8221;stretch_row&#8221; css=&#8221;.vc_custom_1768926976986{padding-top: 100px !important;padding-bottom: 100px !important;background-color: #13426b !important;}&#8221;][vc_row][vc_column][mk_fancy_title tag_name=&#8221;span&#8221; color=&#8221;#ffffff&#8221; size=&#8221;40&#8243; force_font_size=&#8221;true&#8221; size_tablet=&#8221;30&#8243; font_family=&#8221;none&#8221; align=&#8221;center&#8221;]Risolvi il tuo problema[\/mk_fancy_title][mk_button dimension=&#8221;two&#8221; size=&#8221;medium&#8221; url=&#8221;https:\/\/fisioterapiafortedeimarmi.it\/contatti\/&#8221; align=&#8221;center&#8221; margin_bottom=&#8221;0&#8243; margin_right=&#8221;0&#8243; bg_color=&#8221;#ffffff&#8221; text_color=&#8221;dark&#8221;]Contattaci[\/mk_button][\/vc_column][\/vc_row][\/vc_section]\n<\/div>","protected":false},"excerpt":{"rendered":"<p>[vc_row][vc_column][vc_column_text css=&#8221;.vc_custom_1768925889053{margin-bottom: 0px !important;}&#8221;] Che cos\u2019\u00e8 la pelle La pelle \u00e8 l\u2019organo pi\u00f9 esteso del corpo umano e svolge funzioni fondamentali per la nostra salute: protegge l\u2019organismo dagli agenti esterni, regola la temperatura corporea e contribuisce alla percezione degli stimoli. Proprio perch\u00e9 \u00e8 costantemente esposta a fattori ambientali, ormonali e allo stile di vita, la [&hellip;]<\/p>\n","protected":false},"author":1,"featured_media":0,"parent":0,"menu_order":0,"comment_status":"closed","ping_status":"closed","template":"","meta":{"_seopress_robots_primary_cat":"","_seopress_titles_title":"Dermatologia | Fisioterapia Forte dei Marmi","_seopress_titles_desc":"La pelle \u00e8 l\u2019organo pi\u00f9 esteso del corpo umano e svolge funzioni fondamentali per la nostra salute: protegge l\u2019organismo dagli agenti esterni, regola la temperatura corporea e contribuisce alla percezione degli stimoli.","_seopress_robots_index":"","inline_featured_image":false,"footnotes":""},"class_list":["post-9265","page","type-page","status-publish","hentry"],"translation":{"provider":"WPGlobus","version":"3.0.2","language":"gb","enabled_languages":["it","ru","gb"],"languages":{"it":{"title":true,"content":true,"excerpt":false},"ru":{"title":false,"content":false,"excerpt":false},"gb":{"title":false,"content":false,"excerpt":false}}},"_links":{"self":[{"href":"https:\/\/fisioterapiafortedeimarmi.it\/gb\/wp-json\/wp\/v2\/pages\/9265","targetHints":{"allow":["GET"]}}],"collection":[{"href":"https:\/\/fisioterapiafortedeimarmi.it\/gb\/wp-json\/wp\/v2\/pages"}],"about":[{"href":"https:\/\/fisioterapiafortedeimarmi.it\/gb\/wp-json\/wp\/v2\/types\/page"}],"author":[{"embeddable":true,"href":"https:\/\/fisioterapiafortedeimarmi.it\/gb\/wp-json\/wp\/v2\/users\/1"}],"replies":[{"embeddable":true,"href":"https:\/\/fisioterapiafortedeimarmi.it\/gb\/wp-json\/wp\/v2\/comments?post=9265"}],"version-history":[{"count":24,"href":"https:\/\/fisioterapiafortedeimarmi.it\/gb\/wp-json\/wp\/v2\/pages\/9265\/revisions"}],"predecessor-version":[{"id":9376,"href":"https:\/\/fisioterapiafortedeimarmi.it\/gb\/wp-json\/wp\/v2\/pages\/9265\/revisions\/9376"}],"wp:attachment":[{"href":"https:\/\/fisioterapiafortedeimarmi.it\/gb\/wp-json\/wp\/v2\/media?parent=9265"}],"curies":[{"name":"wp","href":"https:\/\/api.w.org\/{rel}","templated":true}]}}