{"id":5189,"date":"2018-04-04T14:29:33","date_gmt":"2018-04-04T12:29:33","guid":{"rendered":"http:\/\/fisioterapiafortedeimarmi.it\/?page_id=5189"},"modified":"2026-01-21T16:30:25","modified_gmt":"2026-01-21T15:30:25","slug":"riabilitazione-neurologica","status":"publish","type":"page","link":"https:\/\/fisioterapiafortedeimarmi.it\/gb\/riabilitazione-neurologica\/","title":{"rendered":"Riabilitazione neurologica"},"content":{"rendered":"<div class=\"wpb-content-wrapper\">[vc_row css=&#8221;.vc_custom_1586430138618{margin-bottom: 50px !important;}&#8221;][vc_column][vc_column_text disable_pattern=&#8221;false&#8221; css=&#8221;.vc_custom_1769003129732{margin-bottom: 0px !important;}&#8221;]\n<p class=\"subtitle fsz_rem1-2 color-blue fw-600\">COSA SI INTENDE CON RIABILITAZIONE NEUROLOGICA in medicina riabilitativa?<\/p>\n<p>La\u00a0<b>riabilitazione neurologica<\/b>\u00a0\u00e8 una branca fondamentale della\u00a0<b>medicina riabilitativa<\/b>, dedicata al\u00a0<b>recupero di funzioni motorie e cognitive compromesse<\/b>\u00a0a seguito di patologie neurologiche o secondariamente a traumi. L\u2019obiettivo primario \u00e8\u00a0<b>ridurre la disabilit\u00e0<\/b>\u00a0e\u00a0<b>migliorare significativamente la qualit\u00e0 della vita<\/b>, facilitando il reinserimento del paziente nel contesto familiare e sociale.<\/p>\n<p>Le patologie neurologiche rappresentano una delle principali cause di disabilit\u00e0 a livello globale, con un impatto significativo sulla vita di milioni di persone. Tra le pi\u00f9 diffuse, troviamo:<\/p>\n<ul>\n<li><strong>Disturbi del sistema nervoso centrale<\/strong>: emicrania, epilessia, meningite<\/li>\n<li><strong>Malattie neurodegenerative<\/strong>: Alzheimer, Parkinson, SLA, sclerosi multipla<\/li>\n<li><strong>Disturbi motori e del linguaggio<\/strong>: difficolt\u00e0 di movimento e comunicazione.<\/li>\n<li><strong>Malattie vascolari<\/strong>: ictus cerebrale<\/li>\n<li><strong>Malattie autoimmuni e infiammatorie.<\/strong><\/li>\n<\/ul>\n<p>Le cause di queste patologie sono varie, includendo fattori genetici, congeniti, degenerativi, autoimmuni, infettivi, traumatici e vascolari.<br \/>\n[\/vc_column_text][mk_divider style=&#8221;shadow_line&#8221; margin_top=&#8221;40&#8243; margin_bottom=&#8221;40&#8243;][\/vc_column][\/vc_row][vc_row css=&#8221;.vc_custom_1675414971790{padding-right: 0px !important;padding-left: 0px !important;}&#8221;][vc_column width=&#8221;1\/2&#8243;][vc_column_text disable_pattern=&#8221;false&#8221; css=&#8221;.vc_custom_1769003235695{margin-bottom: 0px !important;}&#8221;]\n<p class=\"subtitle fsz_rem1-2 color-blue fw-600\">Il Nostro Approccio riabilitativo<\/p>\n<p>Il percorso riabilitativo viene strutturato su misura, tenendo conto delle condizioni specifiche del paziente, della natura della lesione o della patologia di base e degli obiettivi da raggiungere in termini di recupero funzionale. Per garantire un approccio completo e integrato, la definizione del programma coinvolge diverse figure specialistiche:<\/p>\n<ul>\n<li><strong>Fisioterapista<\/strong>: supporta il recupero delle capacit\u00e0 motorie<\/li>\n<li><strong>Neuropsicologo<\/strong>: valuta e interviene sui deficit cognitivi<\/li>\n<li><strong>Psicologo<\/strong>: offre supporto emotivo e psicologico.<\/li>\n<\/ul>\n<p>Le fasi prevedono:<\/p>\n<p class=\"subtitle fsz_rem1-2 color-blue fw-600\">FASE 1. VALUTAZIONE<\/p>\n<p>\u00a0Analisi completa del quadro clinico e definizione degli obiettivi.<\/p>\n<p class=\"subtitle fsz_rem1-2 color-blue fw-600\">FASE 2. TRATTAMENTO<\/p>\n<p>Riabilitazione motoria e neurocognitiva, con un focus su pianificazione, memoria, attenzione e linguaggio.<\/p>\n<p class=\"subtitle fsz_rem1-2 color-blue fw-600\">FASE 3. Mantenimento<\/p>\n<p>Strategie per garantire risultati duraturi e migliorare l\u2019autonomia.<br \/>\n[\/vc_column_text][\/vc_column][vc_column width=&#8221;1\/2&#8243;][mk_image src=&#8221;https:\/\/fisioterapiafortedeimarmi.it\/wp-content\/uploads\/2023\/02\/riabilitazione_neurologica-1.webp&#8221; image_size=&#8221;full&#8221; align=&#8221;center&#8221; margin_bottom=&#8221;0&#8243;][\/vc_column][\/vc_row][vc_row][vc_column][mk_divider style=&#8221;shadow_line&#8221; margin_top=&#8221;40&#8243; margin_bottom=&#8221;40&#8243;][vc_column_text disable_pattern=&#8221;false&#8221; css=&#8221;.vc_custom_1769003568193{margin-bottom: 0px !important;}&#8221;]\n<p class=\"subtitle fsz_rem1-2 color-blue fw-600\">LE DOMANDE PIU&#8217; FREQUENTI DEI NOSTRI PAZIENTI<\/p>\n[\/vc_column_text][vc_accordions][vc_accordion_tab title=&#8221;Dopo quanto tempo si vedono i primi miglioramenti con la riabilitazione neurologica?&#8221;][vc_column_text disable_pattern=&#8221;false&#8221; css=&#8221;.vc_custom_1769003447954{margin-bottom: 0px !important;}&#8221;]I tempi di recupero variano in base alla gravit\u00e0 della patologia, all\u2019et\u00e0 del paziente e alla costanza nel seguire il percorso riabilitativo. Alcuni pazienti notano miglioramenti dopo poche settimane, mentre in altri casi il recupero pu\u00f2 essere pi\u00f9 graduale e richiedere mesi. La continuit\u00e0 e la personalizzazione del trattamento sono fondamentali per ottenere risultati ottimali.[\/vc_column_text][\/vc_accordion_tab][vc_accordion_tab title=&#8221;La riabilitazione neurologica \u00e8 utile solo per il recupero motorio?&#8221;][vc_column_text css=&#8221;.vc_custom_1764843615298{margin-bottom: 0px !important;}&#8221;]No, oltre al recupero delle capacit\u00e0 motorie, la riabilitazione neurologica lavora anche sugli aspetti cognitivi, emotivi e comunicativi. Pu\u00f2 includere esercizi per migliorare memoria, attenzione, linguaggio e abilit\u00e0 quotidiane, oltre a offrire supporto psicologico per affrontare le difficolt\u00e0 emotive legate alla patologia.[\/vc_column_text][\/vc_accordion_tab][vc_accordion_tab title=&#8221;Qual \u00e8 il ruolo dei familiari nel percorso riabilitativo?&#8221;][vc_column_text css=&#8221;.vc_custom_1764843896722{margin-bottom: 0px !important;}&#8221;]I familiari svolgono un ruolo essenziale nel supportare il paziente, motivandolo e aiutandolo a seguire gli esercizi anche a casa. Inoltre, possono partecipare a incontri formativi con specialisti per apprendere le migliori strategie di assistenza e facilitare l\u2019adattamento del paziente alla vita quotidiana.[\/vc_column_text][\/vc_accordion_tab][vc_accordion_tab title=&#8221;La riabilitazione neurologica \u00e8 efficace anche a distanza di anni da un evento traumatico o neurologico?&#8221;][vc_column_text css=&#8221;.vc_custom_1764844003669{margin-bottom: 0px !important;}&#8221;]S\u00ec, anche se l\u2019intervento precoce \u00e8 sempre consigliato, la riabilitazione pu\u00f2 portare benefici anche a distanza di anni, aiutando a migliorare o mantenere le funzionalit\u00e0 residue e prevenire il peggioramento della condizione.[\/vc_column_text][\/vc_accordion_tab][vc_accordion_tab title=&#8221;\u00c8 possibile svolgere parte alcuni esercizi a casa?&#8221;][vc_column_text css=&#8221;.vc_custom_1764844046260{margin-bottom: 0px !important;}&#8221;]S\u00ec, in molti casi sono previsti anche esercizi domiciliari da svolgere in autonomia o con l\u2019aiuto di un familiare.[\/vc_column_text][\/vc_accordion_tab][\/vc_accordions][\/vc_column][\/vc_row][vc_row][vc_column][mk_divider style=&#8221;shadow_line&#8221; margin_top=&#8221;40&#8243; margin_bottom=&#8221;40&#8243;][\/vc_column][\/vc_row][vc_row][vc_column][vc_column_text disable_pattern=&#8221;false&#8221; css=&#8221;.vc_custom_1769008406901{margin-bottom: 0px !important;}&#8221;]\n<p class=\"subtitle fsz_rem1-2 color-blue fw-600\">RESPONSABILI DELLA CLINICA DELLA RIABILITAZIONE NEUROLOGICA<\/p>\n[\/vc_column_text][\/vc_column][\/vc_row][vc_row][vc_column][mk_divider style=&#8221;shadow_line&#8221; margin_top=&#8221;40&#8243; margin_bottom=&#8221;40&#8243;][\/vc_column][\/vc_row][vc_row][vc_column width=&#8221;1\/2&#8243;][mk_employees column=&#8221;1&#8243; custom_image_size=&#8221;true&#8221; image_width=&#8221;300&#8243; image_height=&#8221;300&#8243; count=&#8221;1&#8243; employees=&#8221;5178&#8243;][\/vc_column][vc_column width=&#8221;1\/2&#8243;][mk_employees column=&#8221;1&#8243; custom_image_size=&#8221;true&#8221; image_width=&#8221;300&#8243; image_height=&#8221;300&#8243; count=&#8221;1&#8243; employees=&#8221;8540&#8243;][\/vc_column][\/vc_row][vc_row][vc_column][mk_divider style=&#8221;shadow_line&#8221; margin_top=&#8221;40&#8243; margin_bottom=&#8221;40&#8243;][\/vc_column][\/vc_row][vc_section full_width=&#8221;stretch_row&#8221; content_placement=&#8221;middle&#8221; css_animation=&#8221;none&#8221; css=&#8221;.vc_custom_1769008357610{padding-top: 100px !important;padding-bottom: 100px !important;background-color: #13426b !important;}&#8221;][vc_row][vc_column][mk_fancy_title tag_name=&#8221;span&#8221; color=&#8221;#ffffff&#8221; size=&#8221;40&#8243; force_font_size=&#8221;true&#8221; size_tablet=&#8221;30&#8243; font_family=&#8221;none&#8221; align=&#8221;center&#8221;]Risolvi il tuo problema[\/mk_fancy_title][mk_button dimension=&#8221;two&#8221; size=&#8221;medium&#8221; url=&#8221;https:\/\/fisioterapiafortedeimarmi.it\/contatti\/&#8221; align=&#8221;center&#8221; margin_bottom=&#8221;0&#8243; margin_right=&#8221;0&#8243; bg_color=&#8221;#ffffff&#8221; text_color=&#8221;dark&#8221;]Contattaci[\/mk_button][\/vc_column][\/vc_row][\/vc_section]\n<\/div>","protected":false},"excerpt":{"rendered":"<p>[vc_row css=&#8221;.vc_custom_1586430138618{margin-bottom: 50px !important;}&#8221;][vc_column][vc_column_text disable_pattern=&#8221;false&#8221; css=&#8221;.vc_custom_1769003129732{margin-bottom: 0px !important;}&#8221;] COSA SI INTENDE CON RIABILITAZIONE NEUROLOGICA in medicina riabilitativa? La\u00a0riabilitazione neurologica\u00a0\u00e8 una branca fondamentale della\u00a0medicina riabilitativa, dedicata al\u00a0recupero di funzioni motorie e cognitive compromesse\u00a0a seguito di patologie neurologiche o secondariamente a traumi. L\u2019obiettivo primario \u00e8\u00a0ridurre la disabilit\u00e0\u00a0e\u00a0migliorare significativamente la qualit\u00e0 della vita, facilitando il reinserimento del paziente [&hellip;]<\/p>\n","protected":false},"author":1,"featured_media":8361,"parent":0,"menu_order":0,"comment_status":"closed","ping_status":"closed","template":"","meta":{"_seopress_robots_primary_cat":"","_seopress_titles_title":"Riabilitazione neurologica | Fisioterapia Forte dei Marmi","_seopress_titles_desc":"La riabilitazione neurologica \u00e8 una branca fondamentale della medicina riabilitativa, dedicata al recupero di funzioni motorie e cognitive compromesse a seguito di patologie neurologiche o secondariamente a traumi.","_seopress_robots_index":"","inline_featured_image":false,"footnotes":""},"class_list":["post-5189","page","type-page","status-publish","has-post-thumbnail","hentry"],"translation":{"provider":"WPGlobus","version":"3.0.2","language":"gb","enabled_languages":["it","ru","gb"],"languages":{"it":{"title":true,"content":true,"excerpt":false},"ru":{"title":false,"content":false,"excerpt":false},"gb":{"title":false,"content":false,"excerpt":false}}},"_links":{"self":[{"href":"https:\/\/fisioterapiafortedeimarmi.it\/gb\/wp-json\/wp\/v2\/pages\/5189","targetHints":{"allow":["GET"]}}],"collection":[{"href":"https:\/\/fisioterapiafortedeimarmi.it\/gb\/wp-json\/wp\/v2\/pages"}],"about":[{"href":"https:\/\/fisioterapiafortedeimarmi.it\/gb\/wp-json\/wp\/v2\/types\/page"}],"author":[{"embeddable":true,"href":"https:\/\/fisioterapiafortedeimarmi.it\/gb\/wp-json\/wp\/v2\/users\/1"}],"replies":[{"embeddable":true,"href":"https:\/\/fisioterapiafortedeimarmi.it\/gb\/wp-json\/wp\/v2\/comments?post=5189"}],"version-history":[{"count":36,"href":"https:\/\/fisioterapiafortedeimarmi.it\/gb\/wp-json\/wp\/v2\/pages\/5189\/revisions"}],"predecessor-version":[{"id":9383,"href":"https:\/\/fisioterapiafortedeimarmi.it\/gb\/wp-json\/wp\/v2\/pages\/5189\/revisions\/9383"}],"wp:featuredmedia":[{"embeddable":true,"href":"https:\/\/fisioterapiafortedeimarmi.it\/gb\/wp-json\/wp\/v2\/media\/8361"}],"wp:attachment":[{"href":"https:\/\/fisioterapiafortedeimarmi.it\/gb\/wp-json\/wp\/v2\/media?parent=5189"}],"curies":[{"name":"wp","href":"https:\/\/api.w.org\/{rel}","templated":true}]}}